{"id":26730,"date":"2026-04-24T06:21:27","date_gmt":"2026-04-24T03:21:27","guid":{"rendered":"https:\/\/ventspils.citro.lv\/veikals\/batonins-herkuless-musli-ar-meza-ogam-un-jogurtu-25g\/"},"modified":"2026-04-24T06:21:31","modified_gmt":"2026-04-24T03:21:31","slug":"batonins-herkuless-musli-ar-meza-ogam-un-jogurtu-25g","status":"publish","type":"product","link":"https:\/\/ventspils.citro.lv\/ru\/veikals\/batonins-herkuless-musli-ar-meza-ogam-un-jogurtu-25g\/","title":{"rendered":"Batoni\u0146\u0161 Herkuless musli ar me\u017ea og\u0101m un jogurtu 25g"},"content":{"rendered":"","protected":false},"excerpt":{"rendered":"<p>17.60 \u20ac\/kg<\/p>\n","protected":false},"featured_media":1251998,"template":"","meta":{"_acf_changed":false,"inline_featured_image":false},"product_cat":[613,125],"product_tag":[],"acf":[],"aioseo_notices":[],"_links":{"self":[{"href":"https:\/\/ventspils.citro.lv\/ru\/wp-json\/wp\/v2\/product\/26730"}],"collection":[{"href":"https:\/\/ventspils.citro.lv\/ru\/wp-json\/wp\/v2\/product"}],"about":[{"href":"https:\/\/ventspils.citro.lv\/ru\/wp-json\/wp\/v2\/types\/product"}],"wp:featuredmedia":[{"embeddable":true,"href":"https:\/\/ventspils.citro.lv\/ru\/wp-json\/wp\/v2\/media\/1251998"}],"wp:attachment":[{"href":"https:\/\/ventspils.citro.lv\/ru\/wp-json\/wp\/v2\/media?parent=26730"}],"wp:term":[{"taxonomy":"product_cat","embeddable":true,"href":"https:\/\/ventspils.citro.lv\/ru\/wp-json\/wp\/v2\/product_cat?post=26730"},{"taxonomy":"product_tag","embeddable":true,"href":"https:\/\/ventspils.citro.lv\/ru\/wp-json\/wp\/v2\/product_tag?post=26730"}],"curies":[{"name":"wp","href":"https:\/\/api.w.org\/{rel}","templated":true}]}}