{"id":26654,"date":"2026-03-31T02:24:53","date_gmt":"2026-03-30T23:24:53","guid":{"rendered":"https:\/\/ventspils.citro.lv\/veikals\/sardines-ella-240g-144g-kaija\/"},"modified":"2026-04-02T21:19:22","modified_gmt":"2026-04-02T18:19:22","slug":"sardines-ella-240g-144g-kaija","status":"publish","type":"product","link":"https:\/\/ventspils.citro.lv\/ru\/veikals\/sardines-ella-240g-144g-kaija\/","title":{"rendered":"Sard\u012bnes e\u013c\u013c\u0101 240g\/144g  Kaija"},"content":{"rendered":"","protected":false},"excerpt":{"rendered":"<p>7.71 \u20ac\/kg<\/p>\n","protected":false},"featured_media":1237880,"template":"","meta":{"_acf_changed":false,"inline_featured_image":false},"product_cat":[540,135],"product_tag":[],"acf":[],"aioseo_notices":[],"_links":{"self":[{"href":"https:\/\/ventspils.citro.lv\/ru\/wp-json\/wp\/v2\/product\/26654"}],"collection":[{"href":"https:\/\/ventspils.citro.lv\/ru\/wp-json\/wp\/v2\/product"}],"about":[{"href":"https:\/\/ventspils.citro.lv\/ru\/wp-json\/wp\/v2\/types\/product"}],"wp:featuredmedia":[{"embeddable":true,"href":"https:\/\/ventspils.citro.lv\/ru\/wp-json\/wp\/v2\/media\/1237880"}],"wp:attachment":[{"href":"https:\/\/ventspils.citro.lv\/ru\/wp-json\/wp\/v2\/media?parent=26654"}],"wp:term":[{"taxonomy":"product_cat","embeddable":true,"href":"https:\/\/ventspils.citro.lv\/ru\/wp-json\/wp\/v2\/product_cat?post=26654"},{"taxonomy":"product_tag","embeddable":true,"href":"https:\/\/ventspils.citro.lv\/ru\/wp-json\/wp\/v2\/product_tag?post=26654"}],"curies":[{"name":"wp","href":"https:\/\/api.w.org\/{rel}","templated":true}]}}