{"id":26635,"date":"2026-04-10T04:18:47","date_gmt":"2026-04-10T01:18:47","guid":{"rendered":"https:\/\/ventspils.citro.lv\/veikals\/lasa-fileja-anglu-sinepju-krema-170g-karavela\/"},"modified":"2026-04-10T04:18:52","modified_gmt":"2026-04-10T01:18:52","slug":"lasa-fileja-anglu-sinepju-krema-170g-karavela","status":"publish","type":"product","link":"https:\/\/ventspils.citro.lv\/ru\/veikals\/lasa-fileja-anglu-sinepju-krema-170g-karavela\/","title":{"rendered":"La\u0161a fileja Ang\u013cu sinepju kr\u0113m\u0101 170g Karavela"},"content":{"rendered":"","protected":false},"excerpt":{"rendered":"<p>17.35 \u20ac\/kg<\/p>\n","protected":false},"featured_media":1242816,"template":"","meta":{"_acf_changed":false,"inline_featured_image":false},"product_cat":[540,135],"product_tag":[],"acf":[],"aioseo_notices":[],"_links":{"self":[{"href":"https:\/\/ventspils.citro.lv\/ru\/wp-json\/wp\/v2\/product\/26635"}],"collection":[{"href":"https:\/\/ventspils.citro.lv\/ru\/wp-json\/wp\/v2\/product"}],"about":[{"href":"https:\/\/ventspils.citro.lv\/ru\/wp-json\/wp\/v2\/types\/product"}],"wp:featuredmedia":[{"embeddable":true,"href":"https:\/\/ventspils.citro.lv\/ru\/wp-json\/wp\/v2\/media\/1242816"}],"wp:attachment":[{"href":"https:\/\/ventspils.citro.lv\/ru\/wp-json\/wp\/v2\/media?parent=26635"}],"wp:term":[{"taxonomy":"product_cat","embeddable":true,"href":"https:\/\/ventspils.citro.lv\/ru\/wp-json\/wp\/v2\/product_cat?post=26635"},{"taxonomy":"product_tag","embeddable":true,"href":"https:\/\/ventspils.citro.lv\/ru\/wp-json\/wp\/v2\/product_tag?post=26635"}],"curies":[{"name":"wp","href":"https:\/\/api.w.org\/{rel}","templated":true}]}}