{"id":26601,"date":"2026-03-17T06:03:59","date_gmt":"2026-03-17T04:03:59","guid":{"rendered":"https:\/\/ventspils.citro.lv\/veikals\/smiltserksku-krems-ar-vanilas-merci-citro-150g\/"},"modified":"2026-03-23T10:23:34","modified_gmt":"2026-03-23T08:23:34","slug":"smiltserk-krems-ar-vanilas-merci-citro-150g","status":"publish","type":"product","link":"https:\/\/ventspils.citro.lv\/ru\/veikals\/smiltserk-krems-ar-vanilas-merci-citro-150g\/","title":{"rendered":"Smilts\u0113rk. kr\u0113ms ar vani\u013cas m\u0113rci Citro 150g"},"content":{"rendered":"<p>Saldais kr\u0113jums, piens,OLAS,cukurs, \u017eelat\u012bns, \u016bdens, vanil\u012bns,smilts\u0113rk\u0161\u0137u pasta.   Uzglab\u0101t t pie +2 l\u012bdz +6 C. Izgatavots SIA Di\u0101na Bistro<\/p>\n","protected":false},"excerpt":{"rendered":"<p>9.27 \u20ac\/kg<\/p>\n","protected":false},"featured_media":1226915,"template":"","meta":{"_acf_changed":false,"inline_featured_image":false},"product_cat":[113,221],"product_tag":[],"acf":[],"aioseo_notices":[],"_links":{"self":[{"href":"https:\/\/ventspils.citro.lv\/ru\/wp-json\/wp\/v2\/product\/26601"}],"collection":[{"href":"https:\/\/ventspils.citro.lv\/ru\/wp-json\/wp\/v2\/product"}],"about":[{"href":"https:\/\/ventspils.citro.lv\/ru\/wp-json\/wp\/v2\/types\/product"}],"wp:featuredmedia":[{"embeddable":true,"href":"https:\/\/ventspils.citro.lv\/ru\/wp-json\/wp\/v2\/media\/1226915"}],"wp:attachment":[{"href":"https:\/\/ventspils.citro.lv\/ru\/wp-json\/wp\/v2\/media?parent=26601"}],"wp:term":[{"taxonomy":"product_cat","embeddable":true,"href":"https:\/\/ventspils.citro.lv\/ru\/wp-json\/wp\/v2\/product_cat?post=26601"},{"taxonomy":"product_tag","embeddable":true,"href":"https:\/\/ventspils.citro.lv\/ru\/wp-json\/wp\/v2\/product_tag?post=26601"}],"curies":[{"name":"wp","href":"https:\/\/api.w.org\/{rel}","templated":true}]}}