{"id":26585,"date":"2026-04-08T04:00:53","date_gmt":"2026-04-08T01:00:53","guid":{"rendered":"https:\/\/ventspils.citro.lv\/veikals\/biezpiena-vanilas-krems-zemenu-merce-160g-2\/"},"modified":"2026-04-08T04:01:04","modified_gmt":"2026-04-08T01:01:04","slug":"biezp-vanilas-krems-zemenu-merci-citro-150-g","status":"publish","type":"product","link":"https:\/\/ventspils.citro.lv\/ru\/veikals\/biezp-vanilas-krems-zemenu-merci-citro-150-g\/","title":{"rendered":"Biezp.vani\u013cas kr\u0113ms zeme\u0146u m\u0113rci Citro 150 g"},"content":{"rendered":"<p>Biezpiena kr\u0113ms 37% (V\u0100JPIENA BIEZPIENS, cukurs, modific\u0113tas cietes:E1412, E1422, s\u0101ls, sk\u0101buma reg.:E330; kr\u0101sviela E160a; vani\u013cas aromatiz\u0113t\u0101js, augu tauki \u2013 palmu, kokosriekstu), zemenes m\u0113rce 63% .Ener\u0123\u0113tiska un uzt\u016brv\u0113rt\u012bba 100g: 107,4kcal\/453,7kJ: tauki 1,7g, tostap pies\u0101tin\u0101tie 0,8g; og\u013chidr\u0101ti 20,1g, tostap cukuri 16,4g; \u0161\u0137iedrvielas 1,2g; olbaltumvielas 2,4g; s\u0101ls 0,4g. Uzglab\u0101t t pie +2 l\u012bdz +6 C<\/p>\n","protected":false},"excerpt":{"rendered":"<p>7.44 \u20ac\/kg<\/p>\n","protected":false},"featured_media":1240767,"template":"","meta":{"_acf_changed":false,"inline_featured_image":false},"product_cat":[113,221],"product_tag":[],"acf":[],"aioseo_notices":[],"_links":{"self":[{"href":"https:\/\/ventspils.citro.lv\/ru\/wp-json\/wp\/v2\/product\/26585"}],"collection":[{"href":"https:\/\/ventspils.citro.lv\/ru\/wp-json\/wp\/v2\/product"}],"about":[{"href":"https:\/\/ventspils.citro.lv\/ru\/wp-json\/wp\/v2\/types\/product"}],"wp:featuredmedia":[{"embeddable":true,"href":"https:\/\/ventspils.citro.lv\/ru\/wp-json\/wp\/v2\/media\/1240767"}],"wp:attachment":[{"href":"https:\/\/ventspils.citro.lv\/ru\/wp-json\/wp\/v2\/media?parent=26585"}],"wp:term":[{"taxonomy":"product_cat","embeddable":true,"href":"https:\/\/ventspils.citro.lv\/ru\/wp-json\/wp\/v2\/product_cat?post=26585"},{"taxonomy":"product_tag","embeddable":true,"href":"https:\/\/ventspils.citro.lv\/ru\/wp-json\/wp\/v2\/product_tag?post=26585"}],"curies":[{"name":"wp","href":"https:\/\/api.w.org\/{rel}","templated":true}]}}