{"id":26124,"date":"2026-04-18T01:27:28","date_gmt":"2026-04-17T22:27:28","guid":{"rendered":"https:\/\/ventspils.citro.lv\/veikals\/pudins-alma-sokolades-lazdu-riekstu-230g\/"},"modified":"2026-04-18T01:27:39","modified_gmt":"2026-04-17T22:27:39","slug":"pudins-alma-sokolades-lazdu-riekstu-230g","status":"publish","type":"product","link":"https:\/\/ventspils.citro.lv\/ru\/veikals\/pudins-alma-sokolades-lazdu-riekstu-230g\/","title":{"rendered":"Pudi\u0146\u0161 Alma \u0161okol\u0101des lazdu riekstu 230g"},"content":{"rendered":"","protected":false},"excerpt":{"rendered":"<p>4.30 \u20ac\/kg<\/p>\n","protected":false},"featured_media":1247114,"template":"","meta":{"_acf_changed":false,"inline_featured_image":false},"product_cat":[95,100],"product_tag":[],"acf":[],"aioseo_notices":[],"_links":{"self":[{"href":"https:\/\/ventspils.citro.lv\/ru\/wp-json\/wp\/v2\/product\/26124"}],"collection":[{"href":"https:\/\/ventspils.citro.lv\/ru\/wp-json\/wp\/v2\/product"}],"about":[{"href":"https:\/\/ventspils.citro.lv\/ru\/wp-json\/wp\/v2\/types\/product"}],"wp:featuredmedia":[{"embeddable":true,"href":"https:\/\/ventspils.citro.lv\/ru\/wp-json\/wp\/v2\/media\/1247114"}],"wp:attachment":[{"href":"https:\/\/ventspils.citro.lv\/ru\/wp-json\/wp\/v2\/media?parent=26124"}],"wp:term":[{"taxonomy":"product_cat","embeddable":true,"href":"https:\/\/ventspils.citro.lv\/ru\/wp-json\/wp\/v2\/product_cat?post=26124"},{"taxonomy":"product_tag","embeddable":true,"href":"https:\/\/ventspils.citro.lv\/ru\/wp-json\/wp\/v2\/product_tag?post=26124"}],"curies":[{"name":"wp","href":"https:\/\/api.w.org\/{rel}","templated":true}]}}