{"id":26104,"date":"2026-04-10T06:48:03","date_gmt":"2026-04-10T03:48:03","guid":{"rendered":"https:\/\/ventspils.citro.lv\/veikals\/saldejums-mr-big-vanilas-un-upenu-sok-glazura-uz-kocina150ml\/"},"modified":"2026-04-10T06:48:13","modified_gmt":"2026-04-10T03:48:13","slug":"saldejums-mr-big-vanilas-un-upenu-sok-glazura-uz-kocina150ml","status":"publish","type":"product","link":"https:\/\/ventspils.citro.lv\/ru\/veikals\/saldejums-mr-big-vanilas-un-upenu-sok-glazura-uz-kocina150ml\/","title":{"rendered":"Sald\u0113jums MR.Big vani\u013cas un upe\u0146u \u0161ok.glaz\u016br\u0101 uz koci\u0146a150ml"},"content":{"rendered":"","protected":false},"excerpt":{"rendered":"<p>12.78 \u20ac\/kg<\/p>\n","protected":false},"featured_media":1243481,"template":"","meta":{"_acf_changed":false,"inline_featured_image":false},"product_cat":[233,555],"product_tag":[],"acf":[],"aioseo_notices":[],"_links":{"self":[{"href":"https:\/\/ventspils.citro.lv\/ru\/wp-json\/wp\/v2\/product\/26104"}],"collection":[{"href":"https:\/\/ventspils.citro.lv\/ru\/wp-json\/wp\/v2\/product"}],"about":[{"href":"https:\/\/ventspils.citro.lv\/ru\/wp-json\/wp\/v2\/types\/product"}],"wp:featuredmedia":[{"embeddable":true,"href":"https:\/\/ventspils.citro.lv\/ru\/wp-json\/wp\/v2\/media\/1243481"}],"wp:attachment":[{"href":"https:\/\/ventspils.citro.lv\/ru\/wp-json\/wp\/v2\/media?parent=26104"}],"wp:term":[{"taxonomy":"product_cat","embeddable":true,"href":"https:\/\/ventspils.citro.lv\/ru\/wp-json\/wp\/v2\/product_cat?post=26104"},{"taxonomy":"product_tag","embeddable":true,"href":"https:\/\/ventspils.citro.lv\/ru\/wp-json\/wp\/v2\/product_tag?post=26104"}],"curies":[{"name":"wp","href":"https:\/\/api.w.org\/{rel}","templated":true}]}}