{"id":26103,"date":"2026-04-24T07:48:42","date_gmt":"2026-04-24T04:48:42","guid":{"rendered":"https:\/\/ventspils.citro.lv\/veikals\/biezpiena-sierins-jeppi-ar-biskvita-garsas-kremu-38g\/"},"modified":"2026-05-02T11:59:39","modified_gmt":"2026-05-02T08:59:39","slug":"biezpiena-sierins-jeppi-ar-biskvita-garsas-kremu-38g","status":"publish","type":"product","link":"https:\/\/ventspils.citro.lv\/ru\/veikals\/biezpiena-sierins-jeppi-ar-biskvita-garsas-kremu-38g\/","title":{"rendered":"Biezpiena sieri\u0146\u0161 JEPPI ar biskv\u012bta gar\u0161as kr\u0113mu 38g"},"content":{"rendered":"","protected":false},"excerpt":{"rendered":"<p>5.26 \u20ac\/kg<\/p>\n","protected":false},"featured_media":1252396,"template":"","meta":{"_acf_changed":false,"inline_featured_image":false},"product_cat":[95,188],"product_tag":[],"acf":[],"aioseo_notices":[],"_links":{"self":[{"href":"https:\/\/ventspils.citro.lv\/ru\/wp-json\/wp\/v2\/product\/26103"}],"collection":[{"href":"https:\/\/ventspils.citro.lv\/ru\/wp-json\/wp\/v2\/product"}],"about":[{"href":"https:\/\/ventspils.citro.lv\/ru\/wp-json\/wp\/v2\/types\/product"}],"wp:featuredmedia":[{"embeddable":true,"href":"https:\/\/ventspils.citro.lv\/ru\/wp-json\/wp\/v2\/media\/1252396"}],"wp:attachment":[{"href":"https:\/\/ventspils.citro.lv\/ru\/wp-json\/wp\/v2\/media?parent=26103"}],"wp:term":[{"taxonomy":"product_cat","embeddable":true,"href":"https:\/\/ventspils.citro.lv\/ru\/wp-json\/wp\/v2\/product_cat?post=26103"},{"taxonomy":"product_tag","embeddable":true,"href":"https:\/\/ventspils.citro.lv\/ru\/wp-json\/wp\/v2\/product_tag?post=26103"}],"curies":[{"name":"wp","href":"https:\/\/api.w.org\/{rel}","templated":true}]}}