{"id":26063,"date":"2026-04-28T03:15:49","date_gmt":"2026-04-28T00:15:49","guid":{"rendered":"https:\/\/ventspils.citro.lv\/veikals\/saldejums-mr-big-vanilas-ar-sok-glazuru-uz-kocina-150ml-90g\/"},"modified":"2026-04-28T03:16:01","modified_gmt":"2026-04-28T00:16:01","slug":"saldejums-mr-big-vanilas-ar-sok-glazuru-uz-kocina-150ml-90g","status":"publish","type":"product","link":"https:\/\/ventspils.citro.lv\/ru\/veikals\/saldejums-mr-big-vanilas-ar-sok-glazuru-uz-kocina-150ml-90g\/","title":{"rendered":"Sald\u0113jums MR Big vani\u013cas ar \u0161ok, glaz\u016bru uz koci\u0146a 150ml\/90g"},"content":{"rendered":"","protected":false},"excerpt":{"rendered":"<p>7.67 \u20ac\/ml<\/p>\n","protected":false},"featured_media":1254281,"template":"","meta":{"_acf_changed":false,"inline_featured_image":false},"product_cat":[233,555],"product_tag":[],"acf":[],"aioseo_notices":[],"_links":{"self":[{"href":"https:\/\/ventspils.citro.lv\/ru\/wp-json\/wp\/v2\/product\/26063"}],"collection":[{"href":"https:\/\/ventspils.citro.lv\/ru\/wp-json\/wp\/v2\/product"}],"about":[{"href":"https:\/\/ventspils.citro.lv\/ru\/wp-json\/wp\/v2\/types\/product"}],"wp:featuredmedia":[{"embeddable":true,"href":"https:\/\/ventspils.citro.lv\/ru\/wp-json\/wp\/v2\/media\/1254281"}],"wp:attachment":[{"href":"https:\/\/ventspils.citro.lv\/ru\/wp-json\/wp\/v2\/media?parent=26063"}],"wp:term":[{"taxonomy":"product_cat","embeddable":true,"href":"https:\/\/ventspils.citro.lv\/ru\/wp-json\/wp\/v2\/product_cat?post=26063"},{"taxonomy":"product_tag","embeddable":true,"href":"https:\/\/ventspils.citro.lv\/ru\/wp-json\/wp\/v2\/product_tag?post=26063"}],"curies":[{"name":"wp","href":"https:\/\/api.w.org\/{rel}","templated":true}]}}