{"id":260530,"date":"2026-04-27T01:09:58","date_gmt":"2026-04-26T22:09:58","guid":{"rendered":"https:\/\/ventspils.citro.lv\/veikals\/cisini-doktora-cala-mini-kekava-500g\/"},"modified":"2026-04-27T01:10:03","modified_gmt":"2026-04-26T22:10:03","slug":"cisini-doktora-cala-mini-kekava-500g","status":"publish","type":"product","link":"https:\/\/ventspils.citro.lv\/ru\/veikals\/cisini-doktora-cala-mini-kekava-500g\/","title":{"rendered":"C\u012bsi\u0146i Doktora c\u0101\u013ca mini \u0136ekava 500g"},"content":{"rendered":"","protected":false},"excerpt":{"rendered":"<p>6.30 \u20ac\/kg<\/p>\n","protected":false},"featured_media":1253897,"template":"","meta":{"_acf_changed":false,"inline_featured_image":false},"product_cat":[135,192],"product_tag":[],"acf":[],"aioseo_notices":[],"_links":{"self":[{"href":"https:\/\/ventspils.citro.lv\/ru\/wp-json\/wp\/v2\/product\/260530"}],"collection":[{"href":"https:\/\/ventspils.citro.lv\/ru\/wp-json\/wp\/v2\/product"}],"about":[{"href":"https:\/\/ventspils.citro.lv\/ru\/wp-json\/wp\/v2\/types\/product"}],"wp:featuredmedia":[{"embeddable":true,"href":"https:\/\/ventspils.citro.lv\/ru\/wp-json\/wp\/v2\/media\/1253897"}],"wp:attachment":[{"href":"https:\/\/ventspils.citro.lv\/ru\/wp-json\/wp\/v2\/media?parent=260530"}],"wp:term":[{"taxonomy":"product_cat","embeddable":true,"href":"https:\/\/ventspils.citro.lv\/ru\/wp-json\/wp\/v2\/product_cat?post=260530"},{"taxonomy":"product_tag","embeddable":true,"href":"https:\/\/ventspils.citro.lv\/ru\/wp-json\/wp\/v2\/product_tag?post=260530"}],"curies":[{"name":"wp","href":"https:\/\/api.w.org\/{rel}","templated":true}]}}