{"id":260511,"date":"2026-05-14T02:24:35","date_gmt":"2026-05-13T23:24:35","guid":{"rendered":"https:\/\/ventspils.citro.lv\/veikals\/dzeriens-veseliba-ilguciema-1-5l-2\/"},"modified":"2026-05-14T02:24:40","modified_gmt":"2026-05-13T23:24:40","slug":"dzeriens-veseliba-ilguciema-1-5l-2","status":"publish","type":"product","link":"https:\/\/ventspils.citro.lv\/ru\/veikals\/dzeriens-veseliba-ilguciema-1-5l-2\/","title":{"rendered":"Dz\u0113riens Vesel\u012bba I\u013c\u0123uciema 1.5l"},"content":{"rendered":"","protected":false},"excerpt":{"rendered":"<p>1.46 \u20ac\/l<\/p>\n","protected":false},"featured_media":1260661,"template":"","meta":{"_acf_changed":false,"inline_featured_image":false},"product_cat":[106,168],"product_tag":[],"acf":[],"aioseo_notices":[],"_links":{"self":[{"href":"https:\/\/ventspils.citro.lv\/ru\/wp-json\/wp\/v2\/product\/260511"}],"collection":[{"href":"https:\/\/ventspils.citro.lv\/ru\/wp-json\/wp\/v2\/product"}],"about":[{"href":"https:\/\/ventspils.citro.lv\/ru\/wp-json\/wp\/v2\/types\/product"}],"wp:featuredmedia":[{"embeddable":true,"href":"https:\/\/ventspils.citro.lv\/ru\/wp-json\/wp\/v2\/media\/1260661"}],"wp:attachment":[{"href":"https:\/\/ventspils.citro.lv\/ru\/wp-json\/wp\/v2\/media?parent=260511"}],"wp:term":[{"taxonomy":"product_cat","embeddable":true,"href":"https:\/\/ventspils.citro.lv\/ru\/wp-json\/wp\/v2\/product_cat?post=260511"},{"taxonomy":"product_tag","embeddable":true,"href":"https:\/\/ventspils.citro.lv\/ru\/wp-json\/wp\/v2\/product_tag?post=260511"}],"curies":[{"name":"wp","href":"https:\/\/api.w.org\/{rel}","templated":true}]}}