{"id":260500,"date":"2026-04-24T08:30:45","date_gmt":"2026-04-24T05:30:45","guid":{"rendered":"https:\/\/ventspils.citro.lv\/veikals\/silku-filejas-marinade-gardums-250g-143g\/"},"modified":"2026-04-24T08:30:53","modified_gmt":"2026-04-24T05:30:53","slug":"silku-filejas-marinade-gardums-250g-143g","status":"publish","type":"product","link":"https:\/\/ventspils.citro.lv\/ru\/veikals\/silku-filejas-marinade-gardums-250g-143g\/","title":{"rendered":"Si\u013c\u0137u filejas marin\u0101d\u0113 Gardums 250g\/143g"},"content":{"rendered":"","protected":false},"excerpt":{"rendered":"<p>9.96 \u20ac\/kg<\/p>\n","protected":false},"featured_media":1252592,"template":"","meta":{"_acf_changed":false,"inline_featured_image":false},"product_cat":[545,135],"product_tag":[],"acf":[],"aioseo_notices":[],"_links":{"self":[{"href":"https:\/\/ventspils.citro.lv\/ru\/wp-json\/wp\/v2\/product\/260500"}],"collection":[{"href":"https:\/\/ventspils.citro.lv\/ru\/wp-json\/wp\/v2\/product"}],"about":[{"href":"https:\/\/ventspils.citro.lv\/ru\/wp-json\/wp\/v2\/types\/product"}],"wp:featuredmedia":[{"embeddable":true,"href":"https:\/\/ventspils.citro.lv\/ru\/wp-json\/wp\/v2\/media\/1252592"}],"wp:attachment":[{"href":"https:\/\/ventspils.citro.lv\/ru\/wp-json\/wp\/v2\/media?parent=260500"}],"wp:term":[{"taxonomy":"product_cat","embeddable":true,"href":"https:\/\/ventspils.citro.lv\/ru\/wp-json\/wp\/v2\/product_cat?post=260500"},{"taxonomy":"product_tag","embeddable":true,"href":"https:\/\/ventspils.citro.lv\/ru\/wp-json\/wp\/v2\/product_tag?post=260500"}],"curies":[{"name":"wp","href":"https:\/\/api.w.org\/{rel}","templated":true}]}}