{"id":26002,"date":"2026-04-10T05:25:01","date_gmt":"2026-04-10T02:25:01","guid":{"rendered":"https:\/\/ventspils.citro.lv\/veikals\/biezenis-rudolfs-burkani-ar-kirbi-190g\/"},"modified":"2026-04-10T05:25:05","modified_gmt":"2026-04-10T02:25:05","slug":"biezenis-rudolfs-kirbju-burkanu-bio-190g","status":"publish","type":"product","link":"https:\/\/ventspils.citro.lv\/ru\/veikals\/biezenis-rudolfs-kirbju-burkanu-bio-190g\/","title":{"rendered":"Biezenis R\u016bdolfs \u0137irbju-burk\u0101nu Bio 190g"},"content":{"rendered":"","protected":false},"excerpt":{"rendered":"<p>10.79 \u20ac\/kg<\/p>\n","protected":false},"featured_media":1243100,"template":"","meta":{"_acf_changed":false,"inline_featured_image":false},"product_cat":[172,173],"product_tag":[],"acf":[],"aioseo_notices":[],"_links":{"self":[{"href":"https:\/\/ventspils.citro.lv\/ru\/wp-json\/wp\/v2\/product\/26002"}],"collection":[{"href":"https:\/\/ventspils.citro.lv\/ru\/wp-json\/wp\/v2\/product"}],"about":[{"href":"https:\/\/ventspils.citro.lv\/ru\/wp-json\/wp\/v2\/types\/product"}],"wp:featuredmedia":[{"embeddable":true,"href":"https:\/\/ventspils.citro.lv\/ru\/wp-json\/wp\/v2\/media\/1243100"}],"wp:attachment":[{"href":"https:\/\/ventspils.citro.lv\/ru\/wp-json\/wp\/v2\/media?parent=26002"}],"wp:term":[{"taxonomy":"product_cat","embeddable":true,"href":"https:\/\/ventspils.citro.lv\/ru\/wp-json\/wp\/v2\/product_cat?post=26002"},{"taxonomy":"product_tag","embeddable":true,"href":"https:\/\/ventspils.citro.lv\/ru\/wp-json\/wp\/v2\/product_tag?post=26002"}],"curies":[{"name":"wp","href":"https:\/\/api.w.org\/{rel}","templated":true}]}}