{"id":25977,"date":"2026-04-24T05:39:25","date_gmt":"2026-04-24T02:39:25","guid":{"rendered":"https:\/\/ventspils.citro.lv\/veikals\/cisini-bernu-bez-e-370g\/"},"modified":"2026-04-24T05:39:35","modified_gmt":"2026-04-24T02:39:35","slug":"cisini-bernu-bez-e-370g","status":"publish","type":"product","link":"https:\/\/ventspils.citro.lv\/ru\/veikals\/cisini-bernu-bez-e-370g\/","title":{"rendered":"C\u012bsi\u0146i B\u0113rnu bez E 370g"},"content":{"rendered":"","protected":false},"excerpt":{"rendered":"<p>7.81 \u20ac\/kg<\/p>\n","protected":false},"featured_media":1251811,"template":"","meta":{"_acf_changed":false,"inline_featured_image":false},"product_cat":[135,192],"product_tag":[],"acf":[],"aioseo_notices":[],"_links":{"self":[{"href":"https:\/\/ventspils.citro.lv\/ru\/wp-json\/wp\/v2\/product\/25977"}],"collection":[{"href":"https:\/\/ventspils.citro.lv\/ru\/wp-json\/wp\/v2\/product"}],"about":[{"href":"https:\/\/ventspils.citro.lv\/ru\/wp-json\/wp\/v2\/types\/product"}],"wp:featuredmedia":[{"embeddable":true,"href":"https:\/\/ventspils.citro.lv\/ru\/wp-json\/wp\/v2\/media\/1251811"}],"wp:attachment":[{"href":"https:\/\/ventspils.citro.lv\/ru\/wp-json\/wp\/v2\/media?parent=25977"}],"wp:term":[{"taxonomy":"product_cat","embeddable":true,"href":"https:\/\/ventspils.citro.lv\/ru\/wp-json\/wp\/v2\/product_cat?post=25977"},{"taxonomy":"product_tag","embeddable":true,"href":"https:\/\/ventspils.citro.lv\/ru\/wp-json\/wp\/v2\/product_tag?post=25977"}],"curies":[{"name":"wp","href":"https:\/\/api.w.org\/{rel}","templated":true}]}}