{"id":25904,"date":"2026-03-17T03:19:24","date_gmt":"2026-03-17T01:19:24","guid":{"rendered":"https:\/\/ventspils.citro.lv\/veikals\/ponciks-ar-dzemu\/"},"modified":"2026-03-26T13:32:59","modified_gmt":"2026-03-26T11:32:59","slug":"ponciks-ar-ievarijumu-citro","status":"publish","type":"product","link":"https:\/\/ventspils.citro.lv\/ru\/veikals\/ponciks-ar-ievarijumu-citro\/","title":{"rendered":"Pon\u010diks ar iev\u0101r\u012bjumu Citro"},"content":{"rendered":"<p>Sast\u0101vda\u013cas: m\u012bkla (KVIE\u0160U milti, \u016bdens, e\u013c\u013ca, cukurs, KEF\u012aRS ( PIENS, ieraugs , D vitam\u012bns),  raugs pres\u0113tais, p\u0101rtikas s\u0101ls), iev\u0101r\u012bjums (\u0101bolu (51%), cukurs, modific\u0113ta ciete &#8212; kukur\u016bzas,  aroniju sulas koncentr\u0101ts, sk\u0101be: citronsk\u0101be (E330), recin\u0101t\u0101js: \u017eelena sve\u0137i (E418)), p\u016bdercukurs (glikoze, KVIE\u0160U ciete, augu tauki (palmu (RSPO SG)), pretsalipes vielas: E470b, E341). 100 g produkta satur : ener\u0123\u0113tisk\u0101 v\u0113rt\u012bba: 1536 KJ\/366 kcal,  tauki 15,5 g, tostarp pies\u0101tin\u0101t\u0101s tauksk\u0101bes 1 g, og\u013chidr\u0101ti 50 g, tostarp cukurs 24 g, \u0161\u0137iedrvielas 1,7 g, olbaltumvielas 6 g, s\u0101ls 0,3 g. Uzglab.temp.: istabas temperat\u016br\u0101. Izlietot l\u012bdz: nor\u0101d\u012bts uz iepakojuma. Ra\u017eot\u0101js: SIA Di\u0101na Bistro, Andreja iela 5, Ventspils.<\/p>\n","protected":false},"excerpt":{"rendered":"<p>0.69 \u20ac\/gb<\/p>\n","protected":false},"featured_media":1226246,"template":"","meta":{"_acf_changed":false,"inline_featured_image":false},"product_cat":[109,110],"product_tag":[],"acf":[],"aioseo_notices":[],"_links":{"self":[{"href":"https:\/\/ventspils.citro.lv\/ru\/wp-json\/wp\/v2\/product\/25904"}],"collection":[{"href":"https:\/\/ventspils.citro.lv\/ru\/wp-json\/wp\/v2\/product"}],"about":[{"href":"https:\/\/ventspils.citro.lv\/ru\/wp-json\/wp\/v2\/types\/product"}],"wp:featuredmedia":[{"embeddable":true,"href":"https:\/\/ventspils.citro.lv\/ru\/wp-json\/wp\/v2\/media\/1226246"}],"wp:attachment":[{"href":"https:\/\/ventspils.citro.lv\/ru\/wp-json\/wp\/v2\/media?parent=25904"}],"wp:term":[{"taxonomy":"product_cat","embeddable":true,"href":"https:\/\/ventspils.citro.lv\/ru\/wp-json\/wp\/v2\/product_cat?post=25904"},{"taxonomy":"product_tag","embeddable":true,"href":"https:\/\/ventspils.citro.lv\/ru\/wp-json\/wp\/v2\/product_tag?post=25904"}],"curies":[{"name":"wp","href":"https:\/\/api.w.org\/{rel}","templated":true}]}}