{"id":25900,"date":"2026-03-31T01:42:31","date_gmt":"2026-03-30T22:42:31","guid":{"rendered":"https:\/\/ventspils.citro.lv\/veikals\/konf-karba-toffifee-125g\/"},"modified":"2026-03-31T01:42:35","modified_gmt":"2026-03-30T22:42:35","slug":"konf-karba-toffifee-125g","status":"publish","type":"product","link":"https:\/\/ventspils.citro.lv\/ru\/veikals\/konf-karba-toffifee-125g\/","title":{"rendered":"Konf.k\u0101rba Toffifee 125g"},"content":{"rendered":"<p>cukurs,augu tauki (palmu, \u0161ea), LAZDU RIEKSTI,glikozes s\u012brups, S\u016aKALU PULVERIS,mitrumuztur\u0113t\u0101js (sorb\u012bta s\u012brups), kakaomasa, iebiezin\u0101tais PIENS,kondens\u0113tas s\u016bkalas (PIENS), LAKTOZE, kakao, kakao sviests, SVIESTS, V\u0100JPIENA pulveris, niedru cukura s\u012brups, emulgators (SOJAS lecit\u012bns), s\u0101ls, aromatiz\u0113t\u0101ji.<\/p>\n","protected":false},"excerpt":{"rendered":"<p>19.92 \u20ac\/kg<\/p>\n","protected":false},"featured_media":1237722,"template":"","meta":{"_acf_changed":false,"inline_featured_image":false},"product_cat":[125,200],"product_tag":[],"acf":[],"aioseo_notices":[],"_links":{"self":[{"href":"https:\/\/ventspils.citro.lv\/ru\/wp-json\/wp\/v2\/product\/25900"}],"collection":[{"href":"https:\/\/ventspils.citro.lv\/ru\/wp-json\/wp\/v2\/product"}],"about":[{"href":"https:\/\/ventspils.citro.lv\/ru\/wp-json\/wp\/v2\/types\/product"}],"wp:featuredmedia":[{"embeddable":true,"href":"https:\/\/ventspils.citro.lv\/ru\/wp-json\/wp\/v2\/media\/1237722"}],"wp:attachment":[{"href":"https:\/\/ventspils.citro.lv\/ru\/wp-json\/wp\/v2\/media?parent=25900"}],"wp:term":[{"taxonomy":"product_cat","embeddable":true,"href":"https:\/\/ventspils.citro.lv\/ru\/wp-json\/wp\/v2\/product_cat?post=25900"},{"taxonomy":"product_tag","embeddable":true,"href":"https:\/\/ventspils.citro.lv\/ru\/wp-json\/wp\/v2\/product_tag?post=25900"}],"curies":[{"name":"wp","href":"https:\/\/api.w.org\/{rel}","templated":true}]}}