{"id":258222,"date":"2026-04-24T08:36:54","date_gmt":"2026-04-24T05:36:54","guid":{"rendered":"https:\/\/ventspils.citro.lv\/veikals\/dzeramais-udens-everest-negazets-1-5l-2\/"},"modified":"2026-04-26T12:32:34","modified_gmt":"2026-04-26T09:32:34","slug":"dzeramais-udens-everest-negazets-1-5l-2","status":"publish","type":"product","link":"https:\/\/ventspils.citro.lv\/ru\/veikals\/dzeramais-udens-everest-negazets-1-5l-2\/","title":{"rendered":"Dzeramais \u016bdens Everest neg\u0101z\u0113ts 1.5l"},"content":{"rendered":"","protected":false},"excerpt":{"rendered":"<p>0.43 \u20ac\/l<\/p>\n","protected":false},"featured_media":1252620,"template":"","meta":{"_acf_changed":false,"inline_featured_image":false},"product_cat":[106,186],"product_tag":[],"acf":[],"aioseo_notices":[],"_links":{"self":[{"href":"https:\/\/ventspils.citro.lv\/ru\/wp-json\/wp\/v2\/product\/258222"}],"collection":[{"href":"https:\/\/ventspils.citro.lv\/ru\/wp-json\/wp\/v2\/product"}],"about":[{"href":"https:\/\/ventspils.citro.lv\/ru\/wp-json\/wp\/v2\/types\/product"}],"wp:featuredmedia":[{"embeddable":true,"href":"https:\/\/ventspils.citro.lv\/ru\/wp-json\/wp\/v2\/media\/1252620"}],"wp:attachment":[{"href":"https:\/\/ventspils.citro.lv\/ru\/wp-json\/wp\/v2\/media?parent=258222"}],"wp:term":[{"taxonomy":"product_cat","embeddable":true,"href":"https:\/\/ventspils.citro.lv\/ru\/wp-json\/wp\/v2\/product_cat?post=258222"},{"taxonomy":"product_tag","embeddable":true,"href":"https:\/\/ventspils.citro.lv\/ru\/wp-json\/wp\/v2\/product_tag?post=258222"}],"curies":[{"name":"wp","href":"https:\/\/api.w.org\/{rel}","templated":true}]}}