{"id":25330,"date":"2026-05-16T01:21:51","date_gmt":"2026-05-15T22:21:51","guid":{"rendered":"https:\/\/ventspils.citro.lv\/veikals\/sula-kubus-baby-aboluburkanu-100-no-4men-300ml\/"},"modified":"2026-05-16T01:21:55","modified_gmt":"2026-05-15T22:21:55","slug":"sula-kubus-baby-abolu-burkanu-100-no-4-men-300ml","status":"publish","type":"product","link":"https:\/\/ventspils.citro.lv\/ru\/veikals\/sula-kubus-baby-abolu-burkanu-100-no-4-men-300ml\/","title":{"rendered":"Sula Kubu\u0161 Baby \u0101bolu-burk\u0101nu 100% no 4 m\u0113n. 300ml"},"content":{"rendered":"","protected":false},"excerpt":{"rendered":"<p>3.63 \u20ac\/l<\/p>\n","protected":false},"featured_media":1261226,"template":"","meta":{"_acf_changed":false,"inline_featured_image":false},"product_cat":[106,124],"product_tag":[],"acf":[],"aioseo_notices":[],"_links":{"self":[{"href":"https:\/\/ventspils.citro.lv\/ru\/wp-json\/wp\/v2\/product\/25330"}],"collection":[{"href":"https:\/\/ventspils.citro.lv\/ru\/wp-json\/wp\/v2\/product"}],"about":[{"href":"https:\/\/ventspils.citro.lv\/ru\/wp-json\/wp\/v2\/types\/product"}],"wp:featuredmedia":[{"embeddable":true,"href":"https:\/\/ventspils.citro.lv\/ru\/wp-json\/wp\/v2\/media\/1261226"}],"wp:attachment":[{"href":"https:\/\/ventspils.citro.lv\/ru\/wp-json\/wp\/v2\/media?parent=25330"}],"wp:term":[{"taxonomy":"product_cat","embeddable":true,"href":"https:\/\/ventspils.citro.lv\/ru\/wp-json\/wp\/v2\/product_cat?post=25330"},{"taxonomy":"product_tag","embeddable":true,"href":"https:\/\/ventspils.citro.lv\/ru\/wp-json\/wp\/v2\/product_tag?post=25330"}],"curies":[{"name":"wp","href":"https:\/\/api.w.org\/{rel}","templated":true}]}}