{"id":25140,"date":"2026-04-16T01:39:03","date_gmt":"2026-04-15T22:39:03","guid":{"rendered":"https:\/\/ventspils.citro.lv\/veikals\/saldejums-rujiena-dzervenu-konuss-110ml-65g\/"},"modified":"2026-04-16T12:41:54","modified_gmt":"2026-04-16T09:41:54","slug":"saldejums-rujiena-dzervenu-konuss-110ml-65g","status":"publish","type":"product","link":"https:\/\/ventspils.citro.lv\/ru\/veikals\/saldejums-rujiena-dzervenu-konuss-110ml-65g\/","title":{"rendered":"Sald\u0113jums R\u016bjiena dz\u0113rve\u0146u konuss 110ml\/65g"},"content":{"rendered":"","protected":false},"excerpt":{"rendered":"<p>13.69 \u20ac\/kg<\/p>\n","protected":false},"featured_media":1246174,"template":"","meta":{"_acf_changed":false,"inline_featured_image":false},"product_cat":[233,555],"product_tag":[],"acf":[],"aioseo_notices":[],"_links":{"self":[{"href":"https:\/\/ventspils.citro.lv\/ru\/wp-json\/wp\/v2\/product\/25140"}],"collection":[{"href":"https:\/\/ventspils.citro.lv\/ru\/wp-json\/wp\/v2\/product"}],"about":[{"href":"https:\/\/ventspils.citro.lv\/ru\/wp-json\/wp\/v2\/types\/product"}],"wp:featuredmedia":[{"embeddable":true,"href":"https:\/\/ventspils.citro.lv\/ru\/wp-json\/wp\/v2\/media\/1246174"}],"wp:attachment":[{"href":"https:\/\/ventspils.citro.lv\/ru\/wp-json\/wp\/v2\/media?parent=25140"}],"wp:term":[{"taxonomy":"product_cat","embeddable":true,"href":"https:\/\/ventspils.citro.lv\/ru\/wp-json\/wp\/v2\/product_cat?post=25140"},{"taxonomy":"product_tag","embeddable":true,"href":"https:\/\/ventspils.citro.lv\/ru\/wp-json\/wp\/v2\/product_tag?post=25140"}],"curies":[{"name":"wp","href":"https:\/\/api.w.org\/{rel}","templated":true}]}}