{"id":25125,"date":"2026-04-08T02:16:14","date_gmt":"2026-04-07T23:16:14","guid":{"rendered":"https:\/\/ventspils.citro.lv\/veikals\/sokolades-batonins-bounty-57g\/"},"modified":"2026-04-08T02:16:26","modified_gmt":"2026-04-07T23:16:26","slug":"sokolades-batonins-bounty-57g","status":"publish","type":"product","link":"https:\/\/ventspils.citro.lv\/ru\/veikals\/sokolades-batonins-bounty-57g\/","title":{"rendered":"\u0160okol\u0101des batoni\u0146\u0161 Bounty 57g"},"content":{"rendered":"","protected":false},"excerpt":{"rendered":"<p>17.37 \u20ac\/kg<\/p>\n","protected":false},"featured_media":1240242,"template":"","meta":{"_acf_changed":false,"inline_featured_image":false},"product_cat":[556,125],"product_tag":[],"acf":[],"aioseo_notices":[],"_links":{"self":[{"href":"https:\/\/ventspils.citro.lv\/ru\/wp-json\/wp\/v2\/product\/25125"}],"collection":[{"href":"https:\/\/ventspils.citro.lv\/ru\/wp-json\/wp\/v2\/product"}],"about":[{"href":"https:\/\/ventspils.citro.lv\/ru\/wp-json\/wp\/v2\/types\/product"}],"wp:featuredmedia":[{"embeddable":true,"href":"https:\/\/ventspils.citro.lv\/ru\/wp-json\/wp\/v2\/media\/1240242"}],"wp:attachment":[{"href":"https:\/\/ventspils.citro.lv\/ru\/wp-json\/wp\/v2\/media?parent=25125"}],"wp:term":[{"taxonomy":"product_cat","embeddable":true,"href":"https:\/\/ventspils.citro.lv\/ru\/wp-json\/wp\/v2\/product_cat?post=25125"},{"taxonomy":"product_tag","embeddable":true,"href":"https:\/\/ventspils.citro.lv\/ru\/wp-json\/wp\/v2\/product_tag?post=25125"}],"curies":[{"name":"wp","href":"https:\/\/api.w.org\/{rel}","templated":true}]}}