{"id":25104,"date":"2026-03-27T07:51:52","date_gmt":"2026-03-27T05:51:52","guid":{"rendered":"https:\/\/ventspils.citro.lv\/veikals\/galas-nujinas-kabanosi-k-k-cukgalas-ar-sieru-100g\/"},"modified":"2026-03-27T07:51:57","modified_gmt":"2026-03-27T05:51:57","slug":"galas-nujinas-kabanosi-k-k-cukgalas-ar-sieru-100g","status":"publish","type":"product","link":"https:\/\/ventspils.citro.lv\/ru\/veikals\/galas-nujinas-kabanosi-k-k-cukgalas-ar-sieru-100g\/","title":{"rendered":"Ga\u013cas n\u016bji\u0146as Kabanosi k\/k c\u016bkga\u013cas ar sieru 100g"},"content":{"rendered":"","protected":false},"excerpt":{"rendered":"<p>14.92 \u20ac\/kg<\/p>\n","protected":false},"featured_media":1235926,"template":"","meta":{"_acf_changed":false,"inline_featured_image":false},"product_cat":[135,178],"product_tag":[],"acf":[],"aioseo_notices":[],"_links":{"self":[{"href":"https:\/\/ventspils.citro.lv\/ru\/wp-json\/wp\/v2\/product\/25104"}],"collection":[{"href":"https:\/\/ventspils.citro.lv\/ru\/wp-json\/wp\/v2\/product"}],"about":[{"href":"https:\/\/ventspils.citro.lv\/ru\/wp-json\/wp\/v2\/types\/product"}],"wp:featuredmedia":[{"embeddable":true,"href":"https:\/\/ventspils.citro.lv\/ru\/wp-json\/wp\/v2\/media\/1235926"}],"wp:attachment":[{"href":"https:\/\/ventspils.citro.lv\/ru\/wp-json\/wp\/v2\/media?parent=25104"}],"wp:term":[{"taxonomy":"product_cat","embeddable":true,"href":"https:\/\/ventspils.citro.lv\/ru\/wp-json\/wp\/v2\/product_cat?post=25104"},{"taxonomy":"product_tag","embeddable":true,"href":"https:\/\/ventspils.citro.lv\/ru\/wp-json\/wp\/v2\/product_tag?post=25104"}],"curies":[{"name":"wp","href":"https:\/\/api.w.org\/{rel}","templated":true}]}}