{"id":25100,"date":"2026-05-14T02:09:36","date_gmt":"2026-05-13T23:09:36","guid":{"rendered":"https:\/\/ventspils.citro.lv\/veikals\/galas-nujinas-kabanosi-k-k-cukgalas-100g\/"},"modified":"2026-05-14T02:09:40","modified_gmt":"2026-05-13T23:09:40","slug":"galas-nujinas-kabanosi-k-k-cukgalas-100g","status":"publish","type":"product","link":"https:\/\/ventspils.citro.lv\/ru\/veikals\/galas-nujinas-kabanosi-k-k-cukgalas-100g\/","title":{"rendered":"Ga\u013cas n\u016bji\u0146as Kabanosi k\/k c\u016bkga\u013cas 100g"},"content":{"rendered":"","protected":false},"excerpt":{"rendered":"<p>18.75 \u20ac\/kg<\/p>\n","protected":false},"featured_media":1260595,"template":"","meta":{"_acf_changed":false,"inline_featured_image":false},"product_cat":[135,178],"product_tag":[],"acf":[],"aioseo_notices":[],"_links":{"self":[{"href":"https:\/\/ventspils.citro.lv\/ru\/wp-json\/wp\/v2\/product\/25100"}],"collection":[{"href":"https:\/\/ventspils.citro.lv\/ru\/wp-json\/wp\/v2\/product"}],"about":[{"href":"https:\/\/ventspils.citro.lv\/ru\/wp-json\/wp\/v2\/types\/product"}],"wp:featuredmedia":[{"embeddable":true,"href":"https:\/\/ventspils.citro.lv\/ru\/wp-json\/wp\/v2\/media\/1260595"}],"wp:attachment":[{"href":"https:\/\/ventspils.citro.lv\/ru\/wp-json\/wp\/v2\/media?parent=25100"}],"wp:term":[{"taxonomy":"product_cat","embeddable":true,"href":"https:\/\/ventspils.citro.lv\/ru\/wp-json\/wp\/v2\/product_cat?post=25100"},{"taxonomy":"product_tag","embeddable":true,"href":"https:\/\/ventspils.citro.lv\/ru\/wp-json\/wp\/v2\/product_tag?post=25100"}],"curies":[{"name":"wp","href":"https:\/\/api.w.org\/{rel}","templated":true}]}}