{"id":246147,"date":"2026-04-24T08:54:25","date_gmt":"2026-04-24T05:54:25","guid":{"rendered":"https:\/\/ventspils.citro.lv\/veikals\/konservi-bretlinas-apceptas-tomatu-merce-240g-144g\/"},"modified":"2026-04-24T15:42:19","modified_gmt":"2026-04-24T12:42:19","slug":"konservi-bretlinas-apceptas-tomatu-merce-240g-144g","status":"publish","type":"product","link":"https:\/\/ventspils.citro.lv\/ru\/veikals\/konservi-bretlinas-apceptas-tomatu-merce-240g-144g\/","title":{"rendered":"Konservi br\u0113tli\u0146as apceptas tom\u0101tu m\u0113rc\u0113 240g\/144g"},"content":{"rendered":"","protected":false},"excerpt":{"rendered":"<p>5.29 \u20ac\/kg<\/p>\n","protected":false},"featured_media":1252689,"template":"","meta":{"_acf_changed":false,"inline_featured_image":false},"product_cat":[540,135],"product_tag":[],"acf":[],"aioseo_notices":[],"_links":{"self":[{"href":"https:\/\/ventspils.citro.lv\/ru\/wp-json\/wp\/v2\/product\/246147"}],"collection":[{"href":"https:\/\/ventspils.citro.lv\/ru\/wp-json\/wp\/v2\/product"}],"about":[{"href":"https:\/\/ventspils.citro.lv\/ru\/wp-json\/wp\/v2\/types\/product"}],"wp:featuredmedia":[{"embeddable":true,"href":"https:\/\/ventspils.citro.lv\/ru\/wp-json\/wp\/v2\/media\/1252689"}],"wp:attachment":[{"href":"https:\/\/ventspils.citro.lv\/ru\/wp-json\/wp\/v2\/media?parent=246147"}],"wp:term":[{"taxonomy":"product_cat","embeddable":true,"href":"https:\/\/ventspils.citro.lv\/ru\/wp-json\/wp\/v2\/product_cat?post=246147"},{"taxonomy":"product_tag","embeddable":true,"href":"https:\/\/ventspils.citro.lv\/ru\/wp-json\/wp\/v2\/product_tag?post=246147"}],"curies":[{"name":"wp","href":"https:\/\/api.w.org\/{rel}","templated":true}]}}