{"id":24156,"date":"2026-02-27T09:09:13","date_gmt":"2026-02-27T07:09:13","guid":{"rendered":"https:\/\/ventspils.citro.lv\/veikals\/meslojums-universals-0-5l-biopon\/"},"modified":"2026-02-27T09:09:23","modified_gmt":"2026-02-27T07:09:23","slug":"meslojums-biopon-skidrais-universals-0-5l","status":"publish","type":"product","link":"https:\/\/ventspils.citro.lv\/ru\/veikals\/meslojums-biopon-skidrais-universals-0-5l\/","title":{"rendered":"M\u0113slojums Biopon \u0161\u0137idrais univers\u0101ls 0.5l"},"content":{"rendered":"","protected":false},"excerpt":{"rendered":"<p>5.78 \u20ac\/l<\/p>\n","protected":false},"featured_media":1218319,"template":"","meta":{"_acf_changed":false,"inline_featured_image":false},"product_cat":[585,131],"product_tag":[],"acf":[],"aioseo_notices":[],"_links":{"self":[{"href":"https:\/\/ventspils.citro.lv\/ru\/wp-json\/wp\/v2\/product\/24156"}],"collection":[{"href":"https:\/\/ventspils.citro.lv\/ru\/wp-json\/wp\/v2\/product"}],"about":[{"href":"https:\/\/ventspils.citro.lv\/ru\/wp-json\/wp\/v2\/types\/product"}],"wp:featuredmedia":[{"embeddable":true,"href":"https:\/\/ventspils.citro.lv\/ru\/wp-json\/wp\/v2\/media\/1218319"}],"wp:attachment":[{"href":"https:\/\/ventspils.citro.lv\/ru\/wp-json\/wp\/v2\/media?parent=24156"}],"wp:term":[{"taxonomy":"product_cat","embeddable":true,"href":"https:\/\/ventspils.citro.lv\/ru\/wp-json\/wp\/v2\/product_cat?post=24156"},{"taxonomy":"product_tag","embeddable":true,"href":"https:\/\/ventspils.citro.lv\/ru\/wp-json\/wp\/v2\/product_tag?post=24156"}],"curies":[{"name":"wp","href":"https:\/\/api.w.org\/{rel}","templated":true}]}}