{"id":24120,"date":"2026-04-10T06:51:03","date_gmt":"2026-04-10T03:51:03","guid":{"rendered":"https:\/\/ventspils.citro.lv\/veikals\/salati-silke-kazoka-300g-2\/"},"modified":"2026-04-14T23:07:12","modified_gmt":"2026-04-14T20:07:12","slug":"salati-silke-kazoka-citro-300g","status":"publish","type":"product","link":"https:\/\/ventspils.citro.lv\/ru\/veikals\/salati-silke-kazoka-citro-300g\/","title":{"rendered":"Sal\u0101ti si\u013c\u0137e ka\u017eok\u0101 Citro 300g"},"content":{"rendered":"<p>Sast\u0101vda\u013cas: bietes, majon\u0113ze (rap\u0161u e\u013c\u013ca, \u016bdens, OLU pulveris, V\u0100JPIENA pulveris, cukurs, s\u0101ls, sk\u0101buma regul\u0113t\u0101ji (eti\u0137sk\u0101be, citronsk\u0101be), kr\u0101sviela (beta karot\u012bns), konservants (k\u0101lija sorb\u0101ts), biezin\u0101t\u0101ji (modific\u0113ta ciete, gu\u0101ra sve\u0137i, ksant\u0101na sve\u0137i), kr\u0101svela), kartupe\u013ci, mar.si\u013c\u0137e,  OLAS, burk\u0101ni. 100 g produkta satur: ener\u0123\u0113tisk\u0101 v\u0113rt\u012bba: 778 KJ\/188 kcal,  tauki 15,8g, tostarp pies\u0101tin\u0101t\u0101s tauksk\u0101bes 1,4g, og\u013chidr\u0101ti 34,7g, tostarp cukurs 2,6g, \u0161\u0137iedrvielas 0,9g, olbaltumvielas 5,3g, s\u0101ls 0,6g. Uzglab\u0101\u0161anas temperat\u016bra : +2\u2026+6 C. Izlietot l\u012bdz: nor\u0101d\u012bts uz iepakojuma. Ra\u017eot\u0101js: SIA Di\u0101na Bistro, Andreja iela 5, Ventspils.<\/p>\n","protected":false},"excerpt":{"rendered":"<p>5.63 \u20ac\/kg<\/p>\n","protected":false},"featured_media":1243499,"template":"","meta":{"_acf_changed":false,"inline_featured_image":false},"product_cat":[113,212],"product_tag":[],"acf":[],"aioseo_notices":[],"_links":{"self":[{"href":"https:\/\/ventspils.citro.lv\/ru\/wp-json\/wp\/v2\/product\/24120"}],"collection":[{"href":"https:\/\/ventspils.citro.lv\/ru\/wp-json\/wp\/v2\/product"}],"about":[{"href":"https:\/\/ventspils.citro.lv\/ru\/wp-json\/wp\/v2\/types\/product"}],"wp:featuredmedia":[{"embeddable":true,"href":"https:\/\/ventspils.citro.lv\/ru\/wp-json\/wp\/v2\/media\/1243499"}],"wp:attachment":[{"href":"https:\/\/ventspils.citro.lv\/ru\/wp-json\/wp\/v2\/media?parent=24120"}],"wp:term":[{"taxonomy":"product_cat","embeddable":true,"href":"https:\/\/ventspils.citro.lv\/ru\/wp-json\/wp\/v2\/product_cat?post=24120"},{"taxonomy":"product_tag","embeddable":true,"href":"https:\/\/ventspils.citro.lv\/ru\/wp-json\/wp\/v2\/product_tag?post=24120"}],"curies":[{"name":"wp","href":"https:\/\/api.w.org\/{rel}","templated":true}]}}