{"id":23940,"date":"2026-04-22T05:27:51","date_gmt":"2026-04-22T02:27:51","guid":{"rendered":"https:\/\/ventspils.citro.lv\/veikals\/galetes-racio-kukuruzas-placenisi-ar-linseklam115g\/"},"modified":"2026-04-22T05:27:56","modified_gmt":"2026-04-22T02:27:56","slug":"galetes-racio-kukuruzas-placenisi-ar-linseklam-115g","status":"publish","type":"product","link":"https:\/\/ventspils.citro.lv\/ru\/veikals\/galetes-racio-kukuruzas-placenisi-ar-linseklam-115g\/","title":{"rendered":"Galetes Racio kukur\u016bzas pl\u0101cen\u012b\u0161i ar lins\u0113kl\u0101m 115g"},"content":{"rendered":"","protected":false},"excerpt":{"rendered":"<p>8.61 \u20ac\/kg<\/p>\n","protected":false},"featured_media":1248374,"template":"","meta":{"_acf_changed":false,"inline_featured_image":false},"product_cat":[535,215],"product_tag":[],"acf":[],"aioseo_notices":[],"_links":{"self":[{"href":"https:\/\/ventspils.citro.lv\/ru\/wp-json\/wp\/v2\/product\/23940"}],"collection":[{"href":"https:\/\/ventspils.citro.lv\/ru\/wp-json\/wp\/v2\/product"}],"about":[{"href":"https:\/\/ventspils.citro.lv\/ru\/wp-json\/wp\/v2\/types\/product"}],"wp:featuredmedia":[{"embeddable":true,"href":"https:\/\/ventspils.citro.lv\/ru\/wp-json\/wp\/v2\/media\/1248374"}],"wp:attachment":[{"href":"https:\/\/ventspils.citro.lv\/ru\/wp-json\/wp\/v2\/media?parent=23940"}],"wp:term":[{"taxonomy":"product_cat","embeddable":true,"href":"https:\/\/ventspils.citro.lv\/ru\/wp-json\/wp\/v2\/product_cat?post=23940"},{"taxonomy":"product_tag","embeddable":true,"href":"https:\/\/ventspils.citro.lv\/ru\/wp-json\/wp\/v2\/product_tag?post=23940"}],"curies":[{"name":"wp","href":"https:\/\/api.w.org\/{rel}","templated":true}]}}