{"id":238573,"date":"2026-04-17T01:42:48","date_gmt":"2026-04-16T22:42:48","guid":{"rendered":"https:\/\/ventspils.citro.lv\/veikals\/cipsi-adazu-siera-130g\/"},"modified":"2026-04-17T01:42:53","modified_gmt":"2026-04-16T22:42:53","slug":"cipsi-adazu-siera-130g","status":"publish","type":"product","link":"https:\/\/ventspils.citro.lv\/ru\/veikals\/cipsi-adazu-siera-130g\/","title":{"rendered":"\u010cipsi \u0100da\u017eu siera 130g"},"content":{"rendered":"","protected":false},"excerpt":{"rendered":"<p>11.27 \u20ac\/kg<\/p>\n","protected":false},"featured_media":1246835,"template":"","meta":{"_acf_changed":false,"inline_featured_image":false},"product_cat":[125,191],"product_tag":[],"acf":[],"aioseo_notices":[],"_links":{"self":[{"href":"https:\/\/ventspils.citro.lv\/ru\/wp-json\/wp\/v2\/product\/238573"}],"collection":[{"href":"https:\/\/ventspils.citro.lv\/ru\/wp-json\/wp\/v2\/product"}],"about":[{"href":"https:\/\/ventspils.citro.lv\/ru\/wp-json\/wp\/v2\/types\/product"}],"wp:featuredmedia":[{"embeddable":true,"href":"https:\/\/ventspils.citro.lv\/ru\/wp-json\/wp\/v2\/media\/1246835"}],"wp:attachment":[{"href":"https:\/\/ventspils.citro.lv\/ru\/wp-json\/wp\/v2\/media?parent=238573"}],"wp:term":[{"taxonomy":"product_cat","embeddable":true,"href":"https:\/\/ventspils.citro.lv\/ru\/wp-json\/wp\/v2\/product_cat?post=238573"},{"taxonomy":"product_tag","embeddable":true,"href":"https:\/\/ventspils.citro.lv\/ru\/wp-json\/wp\/v2\/product_tag?post=238573"}],"curies":[{"name":"wp","href":"https:\/\/api.w.org\/{rel}","templated":true}]}}