{"id":238030,"date":"2026-04-12T01:18:18","date_gmt":"2026-04-11T22:18:18","guid":{"rendered":"https:\/\/ventspils.citro.lv\/veikals\/kaposti-stoveti-citro-900g\/"},"modified":"2026-04-12T01:18:34","modified_gmt":"2026-04-11T22:18:34","slug":"kaposti-stoveti-citro-900g","status":"publish","type":"product","link":"https:\/\/ventspils.citro.lv\/ru\/veikals\/kaposti-stoveti-citro-900g\/","title":{"rendered":"K\u0101posti \u0161tov\u0113ti Citro 900g"},"content":{"rendered":"<p>Sast\u0101vda\u013cas:k\u0101posti svaigi,k\u0101posti sk\u0101b\u0113ti,burk\u0101ni,s\u012bpoli,tom\u0101tu pasta,\u016bdens,cukurs,augu e\u013c\u013ca,\u0137iploki,p\u0101rtikas s\u0101ls,melni malti pipari.Uzgl.+2 +6. Ra\u017eot\u0101js SIA Bistro<\/p>\n","protected":false},"excerpt":{"rendered":"<p>3.29 \u20ac\/kg<\/p>\n","protected":false},"featured_media":1244765,"template":"","meta":{"_acf_changed":false,"inline_featured_image":false},"product_cat":[97,159],"product_tag":[],"acf":[],"aioseo_notices":[],"_links":{"self":[{"href":"https:\/\/ventspils.citro.lv\/ru\/wp-json\/wp\/v2\/product\/238030"}],"collection":[{"href":"https:\/\/ventspils.citro.lv\/ru\/wp-json\/wp\/v2\/product"}],"about":[{"href":"https:\/\/ventspils.citro.lv\/ru\/wp-json\/wp\/v2\/types\/product"}],"wp:featuredmedia":[{"embeddable":true,"href":"https:\/\/ventspils.citro.lv\/ru\/wp-json\/wp\/v2\/media\/1244765"}],"wp:attachment":[{"href":"https:\/\/ventspils.citro.lv\/ru\/wp-json\/wp\/v2\/media?parent=238030"}],"wp:term":[{"taxonomy":"product_cat","embeddable":true,"href":"https:\/\/ventspils.citro.lv\/ru\/wp-json\/wp\/v2\/product_cat?post=238030"},{"taxonomy":"product_tag","embeddable":true,"href":"https:\/\/ventspils.citro.lv\/ru\/wp-json\/wp\/v2\/product_tag?post=238030"}],"curies":[{"name":"wp","href":"https:\/\/api.w.org\/{rel}","templated":true}]}}