{"id":23789,"date":"2026-03-24T01:27:19","date_gmt":"2026-03-23T23:27:19","guid":{"rendered":"https:\/\/ventspils.citro.lv\/veikals\/biezpiena-krems-emma-vanilas-150g\/"},"modified":"2026-03-24T01:27:31","modified_gmt":"2026-03-23T23:27:31","slug":"biezpiena-krems-emma-vanilas-150g","status":"publish","type":"product","link":"https:\/\/ventspils.citro.lv\/ru\/veikals\/biezpiena-krems-emma-vanilas-150g\/","title":{"rendered":"Biezpiena kr\u0113ms Emma vani\u013cas 150g"},"content":{"rendered":"<p>Emma vani\u013cas biezpiena kr\u0113ms 150g. sat\u0101vd. BIEZPIENA PASTA, SALDAIS KR\u0112JUMS,cukurs,vanil\u012bns,dab\u012bgs arom.. Vid\u0113j\u0101 uzturv. 100g ener\u0123 vert 526kj\/125kcl, tauki 4g. izliet. sk uz iepak. ra\u017eot\u0101js TERE AS<\/p>\n","protected":false},"excerpt":{"rendered":"<p>6.33 \u20ac\/kg<\/p>\n","protected":false},"featured_media":1231111,"template":"","meta":{"_acf_changed":false,"inline_featured_image":false},"product_cat":[95,188],"product_tag":[],"acf":[],"aioseo_notices":[],"_links":{"self":[{"href":"https:\/\/ventspils.citro.lv\/ru\/wp-json\/wp\/v2\/product\/23789"}],"collection":[{"href":"https:\/\/ventspils.citro.lv\/ru\/wp-json\/wp\/v2\/product"}],"about":[{"href":"https:\/\/ventspils.citro.lv\/ru\/wp-json\/wp\/v2\/types\/product"}],"wp:featuredmedia":[{"embeddable":true,"href":"https:\/\/ventspils.citro.lv\/ru\/wp-json\/wp\/v2\/media\/1231111"}],"wp:attachment":[{"href":"https:\/\/ventspils.citro.lv\/ru\/wp-json\/wp\/v2\/media?parent=23789"}],"wp:term":[{"taxonomy":"product_cat","embeddable":true,"href":"https:\/\/ventspils.citro.lv\/ru\/wp-json\/wp\/v2\/product_cat?post=23789"},{"taxonomy":"product_tag","embeddable":true,"href":"https:\/\/ventspils.citro.lv\/ru\/wp-json\/wp\/v2\/product_tag?post=23789"}],"curies":[{"name":"wp","href":"https:\/\/api.w.org\/{rel}","templated":true}]}}