{"id":237810,"date":"2026-03-27T09:15:47","date_gmt":"2026-03-27T07:15:47","guid":{"rendered":"https:\/\/ventspils.citro.lv\/veikals\/mineraludens-mangali-vitafruit-citrusa-1-5l-2\/"},"modified":"2026-04-03T23:09:58","modified_gmt":"2026-04-03T20:09:58","slug":"mineraludens-mangali-vitafruit-citrusa-1-5l-2","status":"publish","type":"product","link":"https:\/\/ventspils.citro.lv\/ru\/veikals\/mineraludens-mangali-vitafruit-citrusa-1-5l-2\/","title":{"rendered":"Miner\u0101l\u016bdens Manga\u013ci Vitafruit citrusa 1.5l"},"content":{"rendered":"","protected":false},"excerpt":{"rendered":"<p>0.66 \u20ac\/l<\/p>\n","protected":false},"featured_media":1236273,"template":"","meta":{"_acf_changed":false,"inline_featured_image":false},"product_cat":[106,186],"product_tag":[],"acf":[],"aioseo_notices":[],"_links":{"self":[{"href":"https:\/\/ventspils.citro.lv\/ru\/wp-json\/wp\/v2\/product\/237810"}],"collection":[{"href":"https:\/\/ventspils.citro.lv\/ru\/wp-json\/wp\/v2\/product"}],"about":[{"href":"https:\/\/ventspils.citro.lv\/ru\/wp-json\/wp\/v2\/types\/product"}],"wp:featuredmedia":[{"embeddable":true,"href":"https:\/\/ventspils.citro.lv\/ru\/wp-json\/wp\/v2\/media\/1236273"}],"wp:attachment":[{"href":"https:\/\/ventspils.citro.lv\/ru\/wp-json\/wp\/v2\/media?parent=237810"}],"wp:term":[{"taxonomy":"product_cat","embeddable":true,"href":"https:\/\/ventspils.citro.lv\/ru\/wp-json\/wp\/v2\/product_cat?post=237810"},{"taxonomy":"product_tag","embeddable":true,"href":"https:\/\/ventspils.citro.lv\/ru\/wp-json\/wp\/v2\/product_tag?post=237810"}],"curies":[{"name":"wp","href":"https:\/\/api.w.org\/{rel}","templated":true}]}}