{"id":237809,"date":"2026-04-14T03:36:58","date_gmt":"2026-04-14T00:36:58","guid":{"rendered":"https:\/\/ventspils.citro.lv\/veikals\/mineraludens-mangali-vitafruit-citronu-laima-1-5l-2\/"},"modified":"2026-04-14T03:37:09","modified_gmt":"2026-04-14T00:37:09","slug":"mineraludens-mangali-vitafruit-citronu-laima-1-5l-2","status":"publish","type":"product","link":"https:\/\/ventspils.citro.lv\/ru\/veikals\/mineraludens-mangali-vitafruit-citronu-laima-1-5l-2\/","title":{"rendered":"Miner\u0101l\u016bdens Manga\u013ci Vitafruit citronu-laima 1.5l"},"content":{"rendered":"","protected":false},"excerpt":{"rendered":"<p>1.09 \u20ac\/l<\/p>\n","protected":false},"featured_media":1245522,"template":"","meta":{"_acf_changed":false,"inline_featured_image":false},"product_cat":[106,186],"product_tag":[],"acf":[],"aioseo_notices":[],"_links":{"self":[{"href":"https:\/\/ventspils.citro.lv\/ru\/wp-json\/wp\/v2\/product\/237809"}],"collection":[{"href":"https:\/\/ventspils.citro.lv\/ru\/wp-json\/wp\/v2\/product"}],"about":[{"href":"https:\/\/ventspils.citro.lv\/ru\/wp-json\/wp\/v2\/types\/product"}],"wp:featuredmedia":[{"embeddable":true,"href":"https:\/\/ventspils.citro.lv\/ru\/wp-json\/wp\/v2\/media\/1245522"}],"wp:attachment":[{"href":"https:\/\/ventspils.citro.lv\/ru\/wp-json\/wp\/v2\/media?parent=237809"}],"wp:term":[{"taxonomy":"product_cat","embeddable":true,"href":"https:\/\/ventspils.citro.lv\/ru\/wp-json\/wp\/v2\/product_cat?post=237809"},{"taxonomy":"product_tag","embeddable":true,"href":"https:\/\/ventspils.citro.lv\/ru\/wp-json\/wp\/v2\/product_tag?post=237809"}],"curies":[{"name":"wp","href":"https:\/\/api.w.org\/{rel}","templated":true}]}}