{"id":237806,"date":"2026-03-17T07:12:02","date_gmt":"2026-03-17T05:12:02","guid":{"rendered":"https:\/\/ventspils.citro.lv\/veikals\/salati-pupinu-skinka-citro-300g\/"},"modified":"2026-04-02T21:19:24","modified_gmt":"2026-04-02T18:19:24","slug":"salati-pupinu-skinka-citro-300g","status":"publish","type":"product","link":"https:\/\/ventspils.citro.lv\/ru\/veikals\/salati-pupinu-skinka-citro-300g\/","title":{"rendered":"Sal\u0101ti pupi\u0146u-\u0161\u0137i\u0146\u0137a Citro 300g"},"content":{"rendered":"<p>Sast\u0101vda\u013cas: pupi\u0146as, majon\u0113ze (rap\u0161u e\u013c\u013ca, \u016bdens, OLU pulveris, V\u0100JPIENA pulveris, cukurs, modific\u0113ta ciete, s\u0101ls, sk\u0101buma regul\u0113t\u0101ji (eti\u0137sk\u0101be, piensk\u0101be), biezin\u0101t\u0101ji  (modific\u0113ta ciete, gu\u0101ra sve\u0137i, ksant\u0101na sve\u0137i), konservanti (k\u0101lija sorb\u0101ts, n\u0101trija benzon\u0101ts)), gur\u0137i marin\u0113ti (gur\u0137i, v\u012bna eti\u0137is, s\u0101ls, gar\u0161vielas (dilles, s\u012bpoli, SINEPJU s\u0113klas, piparu graudi\u0146i), konservants: E211, dab\u012bgs aromatiz\u0113t\u0101js, saldin\u0101t\u0101js: E954), c\u016bkga\u013ca \u0137\u016bpin\u0101ta (c\u016bkga\u013ca 67%, kartupe\u013cu ciete, stabiliz\u0113t\u0101ji E451, E407, E425, E415, c\u016bku olbaltumvielas, r\u012bsu ciete, augu \u0161\u0137iedrvielas gar\u0161as pastiprin\u0101t\u0101js E621, konservants E250, antioksidants E316, gar\u0161vielu ekstrakts), OLAS, puravs, melni malti pipari, p\u0101rtikas s\u0101ls. 100 g produkta satur:  ener\u0123\u0113tisk\u0101 v\u0113rt\u012bba 362KJ\/88kcal,  tauki 7g, tostarp pies\u0101tin\u0101t\u0101s tauksk\u0101bes 1g, og\u013chidr\u0101ti 1,9g, tostarp cukurs 1,1g, \u0161\u0137iedrvielas 0,2g, olbaltumvielas 3,8g, s\u0101ls 1,0g. Uzglab. temp.: +2..+6 C. Izlietot l\u012bdz: nor\u0101d\u012bts uz iep. Ra\u017eot\u0101js: SIA Di\u0101na Bistro, Andreja iela 5, Ventspils.<\/p>\n","protected":false},"excerpt":{"rendered":"<p>7.63 \u20ac\/kg<\/p>\n","protected":false},"featured_media":1227205,"template":"","meta":{"_acf_changed":false,"inline_featured_image":false},"product_cat":[113,212],"product_tag":[],"acf":[],"aioseo_notices":[],"_links":{"self":[{"href":"https:\/\/ventspils.citro.lv\/ru\/wp-json\/wp\/v2\/product\/237806"}],"collection":[{"href":"https:\/\/ventspils.citro.lv\/ru\/wp-json\/wp\/v2\/product"}],"about":[{"href":"https:\/\/ventspils.citro.lv\/ru\/wp-json\/wp\/v2\/types\/product"}],"wp:featuredmedia":[{"embeddable":true,"href":"https:\/\/ventspils.citro.lv\/ru\/wp-json\/wp\/v2\/media\/1227205"}],"wp:attachment":[{"href":"https:\/\/ventspils.citro.lv\/ru\/wp-json\/wp\/v2\/media?parent=237806"}],"wp:term":[{"taxonomy":"product_cat","embeddable":true,"href":"https:\/\/ventspils.citro.lv\/ru\/wp-json\/wp\/v2\/product_cat?post=237806"},{"taxonomy":"product_tag","embeddable":true,"href":"https:\/\/ventspils.citro.lv\/ru\/wp-json\/wp\/v2\/product_tag?post=237806"}],"curies":[{"name":"wp","href":"https:\/\/api.w.org\/{rel}","templated":true}]}}