{"id":236610,"date":"2026-03-27T07:06:14","date_gmt":"2026-03-27T05:06:14","guid":{"rendered":"https:\/\/ventspils.citro.lv\/veikals\/garneles-karaliskas-sagat-tiritas-ar-asti-31-40-20-sunrise\/"},"modified":"2026-03-27T07:06:19","modified_gmt":"2026-03-27T05:06:19","slug":"garneles-karaliskas-sagat-tiritas-250-3500-20","status":"publish","type":"product","link":"https:\/\/ventspils.citro.lv\/ru\/veikals\/garneles-karaliskas-sagat-tiritas-250-3500-20\/","title":{"rendered":"Garneles Karalisk\u0101s sagat. t\u012br\u012btas 250\/3500 20%"},"content":{"rendered":"<p>Sast\u0101vda\u013cas: KARALISK\u0100S GARNELES, \u016bdens 20%, stabilizators E451, s\u0101ls. Uzturv\u0113rt\u012bba: 100g produkta satur: tauki 0,1g, no tiem pies\u0101tin\u0101t\u0101s tauksk\u0101bes 0g, s\u0101ls 0,1g, olbaltumvielas 16,5g, og\u013chidr\u0101ti 0,5g, no tiem cukurs 0g, \u0161\u0137iedrvielas 0g. Ener\u0123\u0113tisk\u0101 v\u0113rt\u012bba 69kcal\/293kJ. Uzglab\u0101t temperat\u016br\u0101 -18C.<\/p>\n","protected":false},"excerpt":{"rendered":"<p>&nbsp;<\/p>\n","protected":false},"featured_media":1235739,"template":"","meta":{"_acf_changed":false,"inline_featured_image":false},"product_cat":[571,231],"product_tag":[],"acf":[],"aioseo_notices":[],"_links":{"self":[{"href":"https:\/\/ventspils.citro.lv\/ru\/wp-json\/wp\/v2\/product\/236610"}],"collection":[{"href":"https:\/\/ventspils.citro.lv\/ru\/wp-json\/wp\/v2\/product"}],"about":[{"href":"https:\/\/ventspils.citro.lv\/ru\/wp-json\/wp\/v2\/types\/product"}],"wp:featuredmedia":[{"embeddable":true,"href":"https:\/\/ventspils.citro.lv\/ru\/wp-json\/wp\/v2\/media\/1235739"}],"wp:attachment":[{"href":"https:\/\/ventspils.citro.lv\/ru\/wp-json\/wp\/v2\/media?parent=236610"}],"wp:term":[{"taxonomy":"product_cat","embeddable":true,"href":"https:\/\/ventspils.citro.lv\/ru\/wp-json\/wp\/v2\/product_cat?post=236610"},{"taxonomy":"product_tag","embeddable":true,"href":"https:\/\/ventspils.citro.lv\/ru\/wp-json\/wp\/v2\/product_tag?post=236610"}],"curies":[{"name":"wp","href":"https:\/\/api.w.org\/{rel}","templated":true}]}}