{"id":23366,"date":"2026-04-10T05:06:26","date_gmt":"2026-04-10T02:06:26","guid":{"rendered":"https:\/\/ventspils.citro.lv\/veikals\/desa-iecienita-tejas-500g\/"},"modified":"2026-04-10T05:06:31","modified_gmt":"2026-04-10T02:06:31","slug":"desa-iecienita-tejas-500g","status":"publish","type":"product","link":"https:\/\/ventspils.citro.lv\/ru\/veikals\/desa-iecienita-tejas-500g\/","title":{"rendered":"Desa Iecien\u012bt\u0101 t\u0113jas 500g"},"content":{"rendered":"","protected":false},"excerpt":{"rendered":"<p>5.70 \u20ac\/kg<\/p>\n","protected":false},"featured_media":1243008,"template":"","meta":{"_acf_changed":false,"inline_featured_image":false},"product_cat":[135,144],"product_tag":[],"acf":[],"aioseo_notices":[],"_links":{"self":[{"href":"https:\/\/ventspils.citro.lv\/ru\/wp-json\/wp\/v2\/product\/23366"}],"collection":[{"href":"https:\/\/ventspils.citro.lv\/ru\/wp-json\/wp\/v2\/product"}],"about":[{"href":"https:\/\/ventspils.citro.lv\/ru\/wp-json\/wp\/v2\/types\/product"}],"wp:featuredmedia":[{"embeddable":true,"href":"https:\/\/ventspils.citro.lv\/ru\/wp-json\/wp\/v2\/media\/1243008"}],"wp:attachment":[{"href":"https:\/\/ventspils.citro.lv\/ru\/wp-json\/wp\/v2\/media?parent=23366"}],"wp:term":[{"taxonomy":"product_cat","embeddable":true,"href":"https:\/\/ventspils.citro.lv\/ru\/wp-json\/wp\/v2\/product_cat?post=23366"},{"taxonomy":"product_tag","embeddable":true,"href":"https:\/\/ventspils.citro.lv\/ru\/wp-json\/wp\/v2\/product_tag?post=23366"}],"curies":[{"name":"wp","href":"https:\/\/api.w.org\/{rel}","templated":true}]}}