{"id":23321,"date":"2026-04-01T01:39:02","date_gmt":"2026-03-31T22:39:02","guid":{"rendered":"https:\/\/ventspils.citro.lv\/veikals\/ella-oleina-rapsu-1l\/"},"modified":"2026-04-01T01:39:19","modified_gmt":"2026-03-31T22:39:19","slug":"ella-oleina-rapsu-1l","status":"publish","type":"product","link":"https:\/\/ventspils.citro.lv\/ru\/veikals\/ella-oleina-rapsu-1l\/","title":{"rendered":"E\u013c\u013ca Oleina rap\u0161u 1l"},"content":{"rendered":"","protected":false},"excerpt":{"rendered":"<p>4.25 \u20ac\/l<\/p>\n","protected":false},"featured_media":1238599,"template":"","meta":{"_acf_changed":false,"inline_featured_image":false},"product_cat":[116,164],"product_tag":[],"acf":[],"aioseo_notices":[],"_links":{"self":[{"href":"https:\/\/ventspils.citro.lv\/ru\/wp-json\/wp\/v2\/product\/23321"}],"collection":[{"href":"https:\/\/ventspils.citro.lv\/ru\/wp-json\/wp\/v2\/product"}],"about":[{"href":"https:\/\/ventspils.citro.lv\/ru\/wp-json\/wp\/v2\/types\/product"}],"wp:featuredmedia":[{"embeddable":true,"href":"https:\/\/ventspils.citro.lv\/ru\/wp-json\/wp\/v2\/media\/1238599"}],"wp:attachment":[{"href":"https:\/\/ventspils.citro.lv\/ru\/wp-json\/wp\/v2\/media?parent=23321"}],"wp:term":[{"taxonomy":"product_cat","embeddable":true,"href":"https:\/\/ventspils.citro.lv\/ru\/wp-json\/wp\/v2\/product_cat?post=23321"},{"taxonomy":"product_tag","embeddable":true,"href":"https:\/\/ventspils.citro.lv\/ru\/wp-json\/wp\/v2\/product_tag?post=23321"}],"curies":[{"name":"wp","href":"https:\/\/api.w.org\/{rel}","templated":true}]}}