{"id":23304,"date":"2026-04-24T05:42:02","date_gmt":"2026-04-24T02:42:02","guid":{"rendered":"https:\/\/ventspils.citro.lv\/veikals\/galetes-racio-kukuruzas-placenisi-ar-juras-sali-115g\/"},"modified":"2026-04-24T05:42:07","modified_gmt":"2026-04-24T02:42:07","slug":"galetes-racio-kukuruzas-placenisi-ar-juras-sali-115g","status":"publish","type":"product","link":"https:\/\/ventspils.citro.lv\/ru\/veikals\/galetes-racio-kukuruzas-placenisi-ar-juras-sali-115g\/","title":{"rendered":"Galetes Racio kukur\u016bzas pl\u0101cen\u012b\u0161i ar j\u016bras s\u0101li 115g"},"content":{"rendered":"","protected":false},"excerpt":{"rendered":"<p>11.74 \u20ac\/kg<\/p>\n","protected":false},"featured_media":1251822,"template":"","meta":{"_acf_changed":false,"inline_featured_image":false},"product_cat":[535,215],"product_tag":[],"acf":[],"aioseo_notices":[],"_links":{"self":[{"href":"https:\/\/ventspils.citro.lv\/ru\/wp-json\/wp\/v2\/product\/23304"}],"collection":[{"href":"https:\/\/ventspils.citro.lv\/ru\/wp-json\/wp\/v2\/product"}],"about":[{"href":"https:\/\/ventspils.citro.lv\/ru\/wp-json\/wp\/v2\/types\/product"}],"wp:featuredmedia":[{"embeddable":true,"href":"https:\/\/ventspils.citro.lv\/ru\/wp-json\/wp\/v2\/media\/1251822"}],"wp:attachment":[{"href":"https:\/\/ventspils.citro.lv\/ru\/wp-json\/wp\/v2\/media?parent=23304"}],"wp:term":[{"taxonomy":"product_cat","embeddable":true,"href":"https:\/\/ventspils.citro.lv\/ru\/wp-json\/wp\/v2\/product_cat?post=23304"},{"taxonomy":"product_tag","embeddable":true,"href":"https:\/\/ventspils.citro.lv\/ru\/wp-json\/wp\/v2\/product_tag?post=23304"}],"curies":[{"name":"wp","href":"https:\/\/api.w.org\/{rel}","templated":true}]}}