{"id":23019,"date":"2026-03-03T01:54:48","date_gmt":"2026-03-02T23:54:48","guid":{"rendered":"https:\/\/ventspils.citro.lv\/veikals\/olivella-borges-extra-virgin-500ml\/"},"modified":"2026-03-03T01:54:53","modified_gmt":"2026-03-02T23:54:53","slug":"olivella-borges-extra-virgin-500ml","status":"publish","type":"product","link":"https:\/\/ventspils.citro.lv\/ru\/veikals\/olivella-borges-extra-virgin-500ml\/","title":{"rendered":"Ol\u012bve\u013c\u013ca Borges Extra Virgin 500ml"},"content":{"rendered":"<p>100% extra virgin ol\u012bve\u013c\u013ca<\/p>\n","protected":false},"excerpt":{"rendered":"<p>29.98 \u20ac\/l<\/p>\n","protected":false},"featured_media":1220165,"template":"","meta":{"_acf_changed":false,"inline_featured_image":false},"product_cat":[116,164],"product_tag":[],"acf":[],"aioseo_notices":[],"_links":{"self":[{"href":"https:\/\/ventspils.citro.lv\/ru\/wp-json\/wp\/v2\/product\/23019"}],"collection":[{"href":"https:\/\/ventspils.citro.lv\/ru\/wp-json\/wp\/v2\/product"}],"about":[{"href":"https:\/\/ventspils.citro.lv\/ru\/wp-json\/wp\/v2\/types\/product"}],"wp:featuredmedia":[{"embeddable":true,"href":"https:\/\/ventspils.citro.lv\/ru\/wp-json\/wp\/v2\/media\/1220165"}],"wp:attachment":[{"href":"https:\/\/ventspils.citro.lv\/ru\/wp-json\/wp\/v2\/media?parent=23019"}],"wp:term":[{"taxonomy":"product_cat","embeddable":true,"href":"https:\/\/ventspils.citro.lv\/ru\/wp-json\/wp\/v2\/product_cat?post=23019"},{"taxonomy":"product_tag","embeddable":true,"href":"https:\/\/ventspils.citro.lv\/ru\/wp-json\/wp\/v2\/product_tag?post=23019"}],"curies":[{"name":"wp","href":"https:\/\/api.w.org\/{rel}","templated":true}]}}