{"id":230148,"date":"2026-04-10T04:10:00","date_gmt":"2026-04-10T01:10:00","guid":{"rendered":"https:\/\/ventspils.citro.lv\/veikals\/olivella-borges-extra-virgin-750ml\/"},"modified":"2026-04-10T04:10:05","modified_gmt":"2026-04-10T01:10:05","slug":"olivella-borges-extra-virgin-750ml","status":"publish","type":"product","link":"https:\/\/ventspils.citro.lv\/ru\/veikals\/olivella-borges-extra-virgin-750ml\/","title":{"rendered":"Ol\u012bve\u013c\u013ca Borges Extra Virgin 750ml"},"content":{"rendered":"<p>Ol\u012bve\u013c\u013ca 100%<\/p>\n","protected":false},"excerpt":{"rendered":"<p>22.65 \u20ac\/l<\/p>\n","protected":false},"featured_media":1242777,"template":"","meta":{"_acf_changed":false,"inline_featured_image":false},"product_cat":[116,164],"product_tag":[],"acf":[],"aioseo_notices":[],"_links":{"self":[{"href":"https:\/\/ventspils.citro.lv\/ru\/wp-json\/wp\/v2\/product\/230148"}],"collection":[{"href":"https:\/\/ventspils.citro.lv\/ru\/wp-json\/wp\/v2\/product"}],"about":[{"href":"https:\/\/ventspils.citro.lv\/ru\/wp-json\/wp\/v2\/types\/product"}],"wp:featuredmedia":[{"embeddable":true,"href":"https:\/\/ventspils.citro.lv\/ru\/wp-json\/wp\/v2\/media\/1242777"}],"wp:attachment":[{"href":"https:\/\/ventspils.citro.lv\/ru\/wp-json\/wp\/v2\/media?parent=230148"}],"wp:term":[{"taxonomy":"product_cat","embeddable":true,"href":"https:\/\/ventspils.citro.lv\/ru\/wp-json\/wp\/v2\/product_cat?post=230148"},{"taxonomy":"product_tag","embeddable":true,"href":"https:\/\/ventspils.citro.lv\/ru\/wp-json\/wp\/v2\/product_tag?post=230148"}],"curies":[{"name":"wp","href":"https:\/\/api.w.org\/{rel}","templated":true}]}}