{"id":22947,"date":"2026-04-08T02:09:40","date_gmt":"2026-04-07T23:09:40","guid":{"rendered":"https:\/\/ventspils.citro.lv\/veikals\/sokolade-schogetten-100g\/"},"modified":"2026-04-08T02:09:49","modified_gmt":"2026-04-07T23:09:49","slug":"sokolade-schogetten-balta-100g","status":"publish","type":"product","link":"https:\/\/ventspils.citro.lv\/ru\/veikals\/sokolade-schogetten-balta-100g\/","title":{"rendered":"\u0160okol\u0101de Schogetten balt\u0101 100g"},"content":{"rendered":"<p>Cukurs, kakao sviests, V\u0100JPIENA pulveris, PILNPIENA pulveris, KR\u0112JUMA pulveris, saldo S\u016aKALU pulveris, LAKTOZE, PIENA TAUKI,\u00a0 emulgators (SOJAS lecit\u012bns), vani\u013cas ekstrakts.<\/p>\n","protected":false},"excerpt":{"rendered":"<p>20.90 \u20ac\/kg<\/p>\n","protected":false},"featured_media":1240214,"template":"","meta":{"_acf_changed":false,"inline_featured_image":false},"product_cat":[547,125],"product_tag":[],"acf":[],"aioseo_notices":[],"_links":{"self":[{"href":"https:\/\/ventspils.citro.lv\/ru\/wp-json\/wp\/v2\/product\/22947"}],"collection":[{"href":"https:\/\/ventspils.citro.lv\/ru\/wp-json\/wp\/v2\/product"}],"about":[{"href":"https:\/\/ventspils.citro.lv\/ru\/wp-json\/wp\/v2\/types\/product"}],"wp:featuredmedia":[{"embeddable":true,"href":"https:\/\/ventspils.citro.lv\/ru\/wp-json\/wp\/v2\/media\/1240214"}],"wp:attachment":[{"href":"https:\/\/ventspils.citro.lv\/ru\/wp-json\/wp\/v2\/media?parent=22947"}],"wp:term":[{"taxonomy":"product_cat","embeddable":true,"href":"https:\/\/ventspils.citro.lv\/ru\/wp-json\/wp\/v2\/product_cat?post=22947"},{"taxonomy":"product_tag","embeddable":true,"href":"https:\/\/ventspils.citro.lv\/ru\/wp-json\/wp\/v2\/product_tag?post=22947"}],"curies":[{"name":"wp","href":"https:\/\/api.w.org\/{rel}","templated":true}]}}