{"id":228357,"date":"2026-04-06T01:18:40","date_gmt":"2026-04-05T22:18:40","guid":{"rendered":"https:\/\/ventspils.citro.lv\/veikals\/c-g-kakla-karb-skeles-citro-500g\/"},"modified":"2026-04-06T01:18:46","modified_gmt":"2026-04-05T22:18:46","slug":"c-g-kakla-karb-skeles-citro-500g","status":"publish","type":"product","link":"https:\/\/ventspils.citro.lv\/ru\/veikals\/c-g-kakla-karb-skeles-citro-500g\/","title":{"rendered":"C\/g kakla karb.\u0161\u0137\u0113les Citro 500g"},"content":{"rendered":"<p>Sast\u0101vda\u013cas:  C\u016bkga\u013cas 100%. Ener\u0123\u0113tisk\u0101 v\u0113rt\u012bba 100g: 230kcl\/963kj, olbaltumvielas 14.2g, tauki 18.5g. Fas\u0113ts: AS &#171;Di\u0101na&#187;, T\u0101rgales iela 63, Ventspils, LV-3601.  Uzglab\u0101\u0161anas temp.+2+4.  Izlietot l\u012bdz: nor\u0101dits uz iepakojum\u0101.<\/p>\n","protected":false},"excerpt":{"rendered":"<p>7.98 \u20ac\/kg<\/p>\n","protected":false},"featured_media":1239935,"template":"","meta":{"_acf_changed":false,"inline_featured_image":false},"product_cat":[558,135],"product_tag":[],"acf":[],"aioseo_notices":[],"_links":{"self":[{"href":"https:\/\/ventspils.citro.lv\/ru\/wp-json\/wp\/v2\/product\/228357"}],"collection":[{"href":"https:\/\/ventspils.citro.lv\/ru\/wp-json\/wp\/v2\/product"}],"about":[{"href":"https:\/\/ventspils.citro.lv\/ru\/wp-json\/wp\/v2\/types\/product"}],"wp:featuredmedia":[{"embeddable":true,"href":"https:\/\/ventspils.citro.lv\/ru\/wp-json\/wp\/v2\/media\/1239935"}],"wp:attachment":[{"href":"https:\/\/ventspils.citro.lv\/ru\/wp-json\/wp\/v2\/media?parent=228357"}],"wp:term":[{"taxonomy":"product_cat","embeddable":true,"href":"https:\/\/ventspils.citro.lv\/ru\/wp-json\/wp\/v2\/product_cat?post=228357"},{"taxonomy":"product_tag","embeddable":true,"href":"https:\/\/ventspils.citro.lv\/ru\/wp-json\/wp\/v2\/product_tag?post=228357"}],"curies":[{"name":"wp","href":"https:\/\/api.w.org\/{rel}","templated":true}]}}