{"id":22673,"date":"2026-04-28T03:24:14","date_gmt":"2026-04-28T00:24:14","guid":{"rendered":"https:\/\/ventspils.citro.lv\/veikals\/salati-cezara-ar-vistas-fileju-130g-2\/"},"modified":"2026-04-28T03:24:19","modified_gmt":"2026-04-28T00:24:19","slug":"salati-cezara-citro-130g","status":"publish","type":"product","link":"https:\/\/ventspils.citro.lv\/ru\/veikals\/salati-cezara-citro-130g\/","title":{"rendered":"Sal\u0101ti C\u0113zara Citro 130g"},"content":{"rendered":"<p>Sast\u0101vda\u013cas: sal\u0101tu lapas, vistas fileja (18%), c\u0113zara m\u0113rce (\u016bdens, rap\u0161u e\u013c\u013ca, cukurs, V\u0100JPIENA pulveris, SIERS, siera aromatiz\u0113t\u0101js, SINEPJU pulveris, OLU dzeltenuma pulveris, \u0137iploki, s\u012bpoli, Vor\u010desteras m\u0113rce, s\u0101ls, biezin\u0101t\u0101ji, gar\u0161vielas, sk\u0101buma regul\u0113t\u0101ji , konservants), tom\u0101ti, SIERS \u010cederas (pasteriz\u0113ts govs PIENS, cietin\u0101t\u0101js (kalcija hlor\u012bds), piensk\u0101bes bakt\u0113riju ieraugs, ferments, kr\u0101sviela (Annato), grauzdi\u0146i MAIZES (KVIE\u0160U milti, pres\u0113tais raugs, sausais KVIE\u0160U ieraugs, fermenti). 100 g produkta satur:  ener\u0123\u0113tisk\u0101 v\u0113rt\u012bba 527 KJ\/126 kcal,  tauki 8,2 g, tostarp pies\u0101t\u0101s tauksk\u0101bes 2,7 g, og\u013chidr\u0101ti 5,2 g tostarp cukurs 2 g, \u0161\u0137iedrvielas 1 g, olbaltumvielas  7,5 g, s\u0101ls 1,4 g. Uzglab.temp.: +2\u2026+4 C. Izlietot l\u012bdz: nor\u0101d\u012bts uz iepakojuma. Ra\u017eot\u0101js: SIA Di\u0101na Bistro, Andreja iela 5, Ventspils.<\/p>\n","protected":false},"excerpt":{"rendered":"<p>16.36 \u20ac\/kg<\/p>\n","protected":false},"featured_media":1254313,"template":"","meta":{"_acf_changed":false,"inline_featured_image":false},"product_cat":[113,212],"product_tag":[],"acf":[],"aioseo_notices":[],"_links":{"self":[{"href":"https:\/\/ventspils.citro.lv\/ru\/wp-json\/wp\/v2\/product\/22673"}],"collection":[{"href":"https:\/\/ventspils.citro.lv\/ru\/wp-json\/wp\/v2\/product"}],"about":[{"href":"https:\/\/ventspils.citro.lv\/ru\/wp-json\/wp\/v2\/types\/product"}],"wp:featuredmedia":[{"embeddable":true,"href":"https:\/\/ventspils.citro.lv\/ru\/wp-json\/wp\/v2\/media\/1254313"}],"wp:attachment":[{"href":"https:\/\/ventspils.citro.lv\/ru\/wp-json\/wp\/v2\/media?parent=22673"}],"wp:term":[{"taxonomy":"product_cat","embeddable":true,"href":"https:\/\/ventspils.citro.lv\/ru\/wp-json\/wp\/v2\/product_cat?post=22673"},{"taxonomy":"product_tag","embeddable":true,"href":"https:\/\/ventspils.citro.lv\/ru\/wp-json\/wp\/v2\/product_tag?post=22673"}],"curies":[{"name":"wp","href":"https:\/\/api.w.org\/{rel}","templated":true}]}}