{"id":226257,"date":"2026-04-17T01:40:02","date_gmt":"2026-04-16T22:40:02","guid":{"rendered":"https:\/\/ventspils.citro.lv\/veikals\/biezpiena-sierins-magija-vanilas-45g\/"},"modified":"2026-04-17T01:40:12","modified_gmt":"2026-04-16T22:40:12","slug":"biezpiena-sierins-magija-vanilas-45g","status":"publish","type":"product","link":"https:\/\/ventspils.citro.lv\/ru\/veikals\/biezpiena-sierins-magija-vanilas-45g\/","title":{"rendered":"Biezpiena sieri\u0146\u0161 Magija vani\u013cas 45g"},"content":{"rendered":"","protected":false},"excerpt":{"rendered":"<p>12.22 \u20ac\/kg<\/p>\n","protected":false},"featured_media":1246825,"template":"","meta":{"_acf_changed":false,"inline_featured_image":false},"product_cat":[95,188],"product_tag":[],"acf":[],"aioseo_notices":[],"_links":{"self":[{"href":"https:\/\/ventspils.citro.lv\/ru\/wp-json\/wp\/v2\/product\/226257"}],"collection":[{"href":"https:\/\/ventspils.citro.lv\/ru\/wp-json\/wp\/v2\/product"}],"about":[{"href":"https:\/\/ventspils.citro.lv\/ru\/wp-json\/wp\/v2\/types\/product"}],"wp:featuredmedia":[{"embeddable":true,"href":"https:\/\/ventspils.citro.lv\/ru\/wp-json\/wp\/v2\/media\/1246825"}],"wp:attachment":[{"href":"https:\/\/ventspils.citro.lv\/ru\/wp-json\/wp\/v2\/media?parent=226257"}],"wp:term":[{"taxonomy":"product_cat","embeddable":true,"href":"https:\/\/ventspils.citro.lv\/ru\/wp-json\/wp\/v2\/product_cat?post=226257"},{"taxonomy":"product_tag","embeddable":true,"href":"https:\/\/ventspils.citro.lv\/ru\/wp-json\/wp\/v2\/product_tag?post=226257"}],"curies":[{"name":"wp","href":"https:\/\/api.w.org\/{rel}","templated":true}]}}