{"id":225477,"date":"2026-04-24T08:33:26","date_gmt":"2026-04-24T05:33:26","guid":{"rendered":"https:\/\/ventspils.citro.lv\/veikals\/teja-mozums-kazenu-un-mellenu-auglu-202g\/"},"modified":"2026-05-06T08:50:08","modified_gmt":"2026-05-06T05:50:08","slug":"teja-mozums-avenu-un-dzervenu-auglu-202g","status":"publish","type":"product","link":"https:\/\/ventspils.citro.lv\/ru\/veikals\/teja-mozums-avenu-un-dzervenu-auglu-202g\/","title":{"rendered":"T\u0113ja Mo\u017eums ave\u0146u un dz\u0113rve\u0146u aug\u013cu 20*2g"},"content":{"rendered":"","protected":false},"excerpt":{"rendered":"<p>31.25 \u20ac\/kg<\/p>\n","protected":false},"featured_media":1252601,"template":"","meta":{"_acf_changed":false,"inline_featured_image":false},"product_cat":[142,143],"product_tag":[],"acf":[],"aioseo_notices":[],"_links":{"self":[{"href":"https:\/\/ventspils.citro.lv\/ru\/wp-json\/wp\/v2\/product\/225477"}],"collection":[{"href":"https:\/\/ventspils.citro.lv\/ru\/wp-json\/wp\/v2\/product"}],"about":[{"href":"https:\/\/ventspils.citro.lv\/ru\/wp-json\/wp\/v2\/types\/product"}],"wp:featuredmedia":[{"embeddable":true,"href":"https:\/\/ventspils.citro.lv\/ru\/wp-json\/wp\/v2\/media\/1252601"}],"wp:attachment":[{"href":"https:\/\/ventspils.citro.lv\/ru\/wp-json\/wp\/v2\/media?parent=225477"}],"wp:term":[{"taxonomy":"product_cat","embeddable":true,"href":"https:\/\/ventspils.citro.lv\/ru\/wp-json\/wp\/v2\/product_cat?post=225477"},{"taxonomy":"product_tag","embeddable":true,"href":"https:\/\/ventspils.citro.lv\/ru\/wp-json\/wp\/v2\/product_tag?post=225477"}],"curies":[{"name":"wp","href":"https:\/\/api.w.org\/{rel}","templated":true}]}}