{"id":225475,"date":"2026-04-24T08:33:14","date_gmt":"2026-04-24T05:33:14","guid":{"rendered":"https:\/\/ventspils.citro.lv\/veikals\/teja-mozums-meza-auglu-202g\/"},"modified":"2026-04-24T08:33:25","modified_gmt":"2026-04-24T05:33:25","slug":"teja-mozums-meza-auglu-202g","status":"publish","type":"product","link":"https:\/\/ventspils.citro.lv\/ru\/veikals\/teja-mozums-meza-auglu-202g\/","title":{"rendered":"T\u0113ja Mo\u017eums Me\u017ea aug\u013cu 20*2g"},"content":{"rendered":"","protected":false},"excerpt":{"rendered":"<p>44.75 \u20ac\/kg<\/p>\n","protected":false},"featured_media":1252599,"template":"","meta":{"_acf_changed":false,"inline_featured_image":false},"product_cat":[142,143],"product_tag":[],"acf":[],"aioseo_notices":[],"_links":{"self":[{"href":"https:\/\/ventspils.citro.lv\/ru\/wp-json\/wp\/v2\/product\/225475"}],"collection":[{"href":"https:\/\/ventspils.citro.lv\/ru\/wp-json\/wp\/v2\/product"}],"about":[{"href":"https:\/\/ventspils.citro.lv\/ru\/wp-json\/wp\/v2\/types\/product"}],"wp:featuredmedia":[{"embeddable":true,"href":"https:\/\/ventspils.citro.lv\/ru\/wp-json\/wp\/v2\/media\/1252599"}],"wp:attachment":[{"href":"https:\/\/ventspils.citro.lv\/ru\/wp-json\/wp\/v2\/media?parent=225475"}],"wp:term":[{"taxonomy":"product_cat","embeddable":true,"href":"https:\/\/ventspils.citro.lv\/ru\/wp-json\/wp\/v2\/product_cat?post=225475"},{"taxonomy":"product_tag","embeddable":true,"href":"https:\/\/ventspils.citro.lv\/ru\/wp-json\/wp\/v2\/product_tag?post=225475"}],"curies":[{"name":"wp","href":"https:\/\/api.w.org\/{rel}","templated":true}]}}