{"id":225463,"date":"2026-04-24T08:30:45","date_gmt":"2026-04-24T05:30:45","guid":{"rendered":"https:\/\/ventspils.citro.lv\/veikals\/lasa-fileja-sava-sula-240g-168g\/"},"modified":"2026-04-24T08:30:49","modified_gmt":"2026-04-24T05:30:49","slug":"lasa-fileja-sava-sula-ar-ellu-240g-168g","status":"publish","type":"product","link":"https:\/\/ventspils.citro.lv\/ru\/veikals\/lasa-fileja-sava-sula-ar-ellu-240g-168g\/","title":{"rendered":"La\u0161a fileja sav\u0101 sul\u0101 ar e\u013c\u013cu 240g\/168g"},"content":{"rendered":"","protected":false},"excerpt":{"rendered":"<p>7.04 \u20ac\/kg<\/p>\n","protected":false},"featured_media":1252591,"template":"","meta":{"_acf_changed":false,"inline_featured_image":false},"product_cat":[540,135],"product_tag":[],"acf":[],"aioseo_notices":[],"_links":{"self":[{"href":"https:\/\/ventspils.citro.lv\/ru\/wp-json\/wp\/v2\/product\/225463"}],"collection":[{"href":"https:\/\/ventspils.citro.lv\/ru\/wp-json\/wp\/v2\/product"}],"about":[{"href":"https:\/\/ventspils.citro.lv\/ru\/wp-json\/wp\/v2\/types\/product"}],"wp:featuredmedia":[{"embeddable":true,"href":"https:\/\/ventspils.citro.lv\/ru\/wp-json\/wp\/v2\/media\/1252591"}],"wp:attachment":[{"href":"https:\/\/ventspils.citro.lv\/ru\/wp-json\/wp\/v2\/media?parent=225463"}],"wp:term":[{"taxonomy":"product_cat","embeddable":true,"href":"https:\/\/ventspils.citro.lv\/ru\/wp-json\/wp\/v2\/product_cat?post=225463"},{"taxonomy":"product_tag","embeddable":true,"href":"https:\/\/ventspils.citro.lv\/ru\/wp-json\/wp\/v2\/product_tag?post=225463"}],"curies":[{"name":"wp","href":"https:\/\/api.w.org\/{rel}","templated":true}]}}