{"id":221831,"date":"2026-05-08T03:24:59","date_gmt":"2026-05-08T00:24:59","guid":{"rendered":"https:\/\/ventspils.citro.lv\/veikals\/jogurta-dzer-super-brokastis-ar-mango-un-cia-seklam-700g\/"},"modified":"2026-05-08T03:25:03","modified_gmt":"2026-05-08T00:25:03","slug":"jogurta-dzer-super-brokastis-ar-mango-un-cia-seklam-700g","status":"publish","type":"product","link":"https:\/\/ventspils.citro.lv\/ru\/veikals\/jogurta-dzer-super-brokastis-ar-mango-un-cia-seklam-700g\/","title":{"rendered":"Jogurta dz\u0113r.Super brokastis ar mango un \u010dia s\u0113kl\u0101m 700g"},"content":{"rendered":"","protected":false},"excerpt":{"rendered":"<p>2.27 \u20ac\/kg<\/p>\n","protected":false},"featured_media":1257741,"template":"","meta":{"_acf_changed":false,"inline_featured_image":false},"product_cat":[95,100],"product_tag":[],"acf":[],"aioseo_notices":[],"_links":{"self":[{"href":"https:\/\/ventspils.citro.lv\/ru\/wp-json\/wp\/v2\/product\/221831"}],"collection":[{"href":"https:\/\/ventspils.citro.lv\/ru\/wp-json\/wp\/v2\/product"}],"about":[{"href":"https:\/\/ventspils.citro.lv\/ru\/wp-json\/wp\/v2\/types\/product"}],"wp:featuredmedia":[{"embeddable":true,"href":"https:\/\/ventspils.citro.lv\/ru\/wp-json\/wp\/v2\/media\/1257741"}],"wp:attachment":[{"href":"https:\/\/ventspils.citro.lv\/ru\/wp-json\/wp\/v2\/media?parent=221831"}],"wp:term":[{"taxonomy":"product_cat","embeddable":true,"href":"https:\/\/ventspils.citro.lv\/ru\/wp-json\/wp\/v2\/product_cat?post=221831"},{"taxonomy":"product_tag","embeddable":true,"href":"https:\/\/ventspils.citro.lv\/ru\/wp-json\/wp\/v2\/product_tag?post=221831"}],"curies":[{"name":"wp","href":"https:\/\/api.w.org\/{rel}","templated":true}]}}