{"id":217664,"date":"2026-05-08T03:03:39","date_gmt":"2026-05-08T00:03:39","guid":{"rendered":"https:\/\/ventspils.citro.lv\/veikals\/sokolade-poraina-rugta-roshen-80g\/"},"modified":"2026-05-08T13:09:42","modified_gmt":"2026-05-08T10:09:42","slug":"sokolade-poraina-rugta-roshen-80g","status":"publish","type":"product","link":"https:\/\/ventspils.citro.lv\/ru\/veikals\/sokolade-poraina-rugta-roshen-80g\/","title":{"rendered":"\u0160okol\u0101de porain\u0101 r\u016bgt\u0101 Roshen 80g"},"content":{"rendered":"","protected":false},"excerpt":{"rendered":"<p>14.88 \u20ac\/kg<\/p>\n","protected":false},"featured_media":1257647,"template":"","meta":{"_acf_changed":false,"inline_featured_image":false},"product_cat":[547,125],"product_tag":[],"acf":[],"aioseo_notices":[],"_links":{"self":[{"href":"https:\/\/ventspils.citro.lv\/ru\/wp-json\/wp\/v2\/product\/217664"}],"collection":[{"href":"https:\/\/ventspils.citro.lv\/ru\/wp-json\/wp\/v2\/product"}],"about":[{"href":"https:\/\/ventspils.citro.lv\/ru\/wp-json\/wp\/v2\/types\/product"}],"wp:featuredmedia":[{"embeddable":true,"href":"https:\/\/ventspils.citro.lv\/ru\/wp-json\/wp\/v2\/media\/1257647"}],"wp:attachment":[{"href":"https:\/\/ventspils.citro.lv\/ru\/wp-json\/wp\/v2\/media?parent=217664"}],"wp:term":[{"taxonomy":"product_cat","embeddable":true,"href":"https:\/\/ventspils.citro.lv\/ru\/wp-json\/wp\/v2\/product_cat?post=217664"},{"taxonomy":"product_tag","embeddable":true,"href":"https:\/\/ventspils.citro.lv\/ru\/wp-json\/wp\/v2\/product_tag?post=217664"}],"curies":[{"name":"wp","href":"https:\/\/api.w.org\/{rel}","templated":true}]}}