{"id":210069,"date":"2026-04-01T02:24:02","date_gmt":"2026-03-31T23:24:02","guid":{"rendered":"https:\/\/ventspils.citro.lv\/veikals\/cepumi-standzinas-ar-seklinam-civ-civ-250g\/"},"modified":"2026-04-01T02:24:07","modified_gmt":"2026-03-31T23:24:07","slug":"cepumi-standzinas-ar-seklinam-civ-civ-250g","status":"publish","type":"product","link":"https:\/\/ventspils.citro.lv\/ru\/veikals\/cepumi-standzinas-ar-seklinam-civ-civ-250g\/","title":{"rendered":"Cepumi standzi\u0146as ar s\u0113kli\u0146\u0101m \u010civ \u010civ 250g"},"content":{"rendered":"","protected":false},"excerpt":{"rendered":"<p>11.40 \u20ac\/kg<\/p>\n","protected":false},"featured_media":1238735,"template":"","meta":{"_acf_changed":false,"inline_featured_image":false},"product_cat":[125,139],"product_tag":[],"acf":[],"aioseo_notices":[],"_links":{"self":[{"href":"https:\/\/ventspils.citro.lv\/ru\/wp-json\/wp\/v2\/product\/210069"}],"collection":[{"href":"https:\/\/ventspils.citro.lv\/ru\/wp-json\/wp\/v2\/product"}],"about":[{"href":"https:\/\/ventspils.citro.lv\/ru\/wp-json\/wp\/v2\/types\/product"}],"wp:featuredmedia":[{"embeddable":true,"href":"https:\/\/ventspils.citro.lv\/ru\/wp-json\/wp\/v2\/media\/1238735"}],"wp:attachment":[{"href":"https:\/\/ventspils.citro.lv\/ru\/wp-json\/wp\/v2\/media?parent=210069"}],"wp:term":[{"taxonomy":"product_cat","embeddable":true,"href":"https:\/\/ventspils.citro.lv\/ru\/wp-json\/wp\/v2\/product_cat?post=210069"},{"taxonomy":"product_tag","embeddable":true,"href":"https:\/\/ventspils.citro.lv\/ru\/wp-json\/wp\/v2\/product_tag?post=210069"}],"curies":[{"name":"wp","href":"https:\/\/api.w.org\/{rel}","templated":true}]}}