{"id":210065,"date":"2026-04-23T08:39:45","date_gmt":"2026-04-23T05:39:45","guid":{"rendered":"https:\/\/ventspils.citro.lv\/veikals\/konfektes-karamelu-cukurgailitis-muizkungu-18-5g\/"},"modified":"2026-04-23T08:39:49","modified_gmt":"2026-04-23T05:39:49","slug":"konfektes-karamelu-cukurgailitis-muizkungu-18-5g","status":"publish","type":"product","link":"https:\/\/ventspils.citro.lv\/ru\/veikals\/konfektes-karamelu-cukurgailitis-muizkungu-18-5g\/","title":{"rendered":"Konfektes karame\u013cu Cukurgail\u012btis Mui\u017ekungu 18.5g"},"content":{"rendered":"","protected":false},"excerpt":{"rendered":"<p>26.49 \u20ac\/kg<\/p>\n","protected":false},"featured_media":1250403,"template":"","meta":{"_acf_changed":false,"inline_featured_image":false},"product_cat":[533,125],"product_tag":[],"acf":[],"aioseo_notices":[],"_links":{"self":[{"href":"https:\/\/ventspils.citro.lv\/ru\/wp-json\/wp\/v2\/product\/210065"}],"collection":[{"href":"https:\/\/ventspils.citro.lv\/ru\/wp-json\/wp\/v2\/product"}],"about":[{"href":"https:\/\/ventspils.citro.lv\/ru\/wp-json\/wp\/v2\/types\/product"}],"wp:featuredmedia":[{"embeddable":true,"href":"https:\/\/ventspils.citro.lv\/ru\/wp-json\/wp\/v2\/media\/1250403"}],"wp:attachment":[{"href":"https:\/\/ventspils.citro.lv\/ru\/wp-json\/wp\/v2\/media?parent=210065"}],"wp:term":[{"taxonomy":"product_cat","embeddable":true,"href":"https:\/\/ventspils.citro.lv\/ru\/wp-json\/wp\/v2\/product_cat?post=210065"},{"taxonomy":"product_tag","embeddable":true,"href":"https:\/\/ventspils.citro.lv\/ru\/wp-json\/wp\/v2\/product_tag?post=210065"}],"curies":[{"name":"wp","href":"https:\/\/api.w.org\/{rel}","templated":true}]}}