{"id":210048,"date":"2026-04-08T04:57:17","date_gmt":"2026-04-08T01:57:17","guid":{"rendered":"https:\/\/ventspils.citro.lv\/veikals\/marcipana-batonins-ar-salo-karameli-sokolade-40g\/"},"modified":"2026-04-08T04:57:22","modified_gmt":"2026-04-08T01:57:22","slug":"marcipana-batonins-ar-salo-karameli-sokolade-40g","status":"publish","type":"product","link":"https:\/\/ventspils.citro.lv\/ru\/veikals\/marcipana-batonins-ar-salo-karameli-sokolade-40g\/","title":{"rendered":"Marcip\u0101na batoni\u0146\u0161 ar s\u0101\u013co karameli \u0161okol\u0101d\u0113 40g"},"content":{"rendered":"","protected":false},"excerpt":{"rendered":"<p>24.75 \u20ac\/kg<\/p>\n","protected":false},"featured_media":1241020,"template":"","meta":{"_acf_changed":false,"inline_featured_image":false},"product_cat":[556,125],"product_tag":[],"acf":[],"aioseo_notices":[],"_links":{"self":[{"href":"https:\/\/ventspils.citro.lv\/ru\/wp-json\/wp\/v2\/product\/210048"}],"collection":[{"href":"https:\/\/ventspils.citro.lv\/ru\/wp-json\/wp\/v2\/product"}],"about":[{"href":"https:\/\/ventspils.citro.lv\/ru\/wp-json\/wp\/v2\/types\/product"}],"wp:featuredmedia":[{"embeddable":true,"href":"https:\/\/ventspils.citro.lv\/ru\/wp-json\/wp\/v2\/media\/1241020"}],"wp:attachment":[{"href":"https:\/\/ventspils.citro.lv\/ru\/wp-json\/wp\/v2\/media?parent=210048"}],"wp:term":[{"taxonomy":"product_cat","embeddable":true,"href":"https:\/\/ventspils.citro.lv\/ru\/wp-json\/wp\/v2\/product_cat?post=210048"},{"taxonomy":"product_tag","embeddable":true,"href":"https:\/\/ventspils.citro.lv\/ru\/wp-json\/wp\/v2\/product_tag?post=210048"}],"curies":[{"name":"wp","href":"https:\/\/api.w.org\/{rel}","templated":true}]}}